{"id":4355,"date":"2025-11-11T10:29:05","date_gmt":"2025-11-11T10:29:05","guid":{"rendered":"https:\/\/www.ecclinic.ie\/?page_id=4355"},"modified":"2025-11-11T10:41:59","modified_gmt":"2025-11-11T10:41:59","slug":"servicos-de-fim-de-semana","status":"publish","type":"page","link":"https:\/\/www.ecclinic.ie\/pt\/weekend-services\/","title":{"rendered":"Servi\u00e7os de fim de semana"},"content":{"rendered":"\t\t<div data-elementor-type=\"wp-page\" data-elementor-id=\"4355\" class=\"elementor elementor-4355\" data-elementor-post-type=\"page\">\n\t\t\t\t<div class=\"elementor-element elementor-element-6ca636e1 e-con-full e-flex e-con e-parent\" data-id=\"6ca636e1\" data-element_type=\"container\" data-e-type=\"container\">\n\t\t<div class=\"elementor-element elementor-element-1d69554 e-con-full e-flex e-con e-child\" data-id=\"1d69554\" data-element_type=\"container\" data-e-type=\"container\">\n\t\t\t\t<div class=\"elementor-element elementor-element-4d00407 animated-slow elementor-invisible elementor-widget elementor-widget-heading\" data-id=\"4d00407\" data-element_type=\"widget\" data-e-type=\"widget\" data-settings=\"{&quot;_animation&quot;:&quot;slideInUp&quot;}\" data-widget_type=\"heading.default\">\n\t\t\t\t<div class=\"elementor-widget-container\">\n\t\t\t\t\t<h1 class=\"elementor-heading-title elementor-size-default\">Weekend Services<\/h1>\t\t\t\t<\/div>\n\t\t\t\t<\/div>\n\t\t\t\t<div class=\"elementor-element elementor-element-3e90470d elementor-widget elementor-widget-text-editor\" data-id=\"3e90470d\" data-element_type=\"widget\" data-e-type=\"widget\" data-widget_type=\"text-editor.default\">\n\t\t\t\t<div class=\"elementor-widget-container\">\n\t\t\t\t\t\t\t\t\t<p><strong>Weekend services with Dr. Montilla McCornic<\/strong><\/p><p>Dr. Montilla McCornic is a highly experienced gynaecologist and obstetrician with over 25 years dedicated to women\u2019s health. He provides ongoing, personalised care for women of all ages \u2014 from adolescence to menopause \u2014 focusing on prevention, early diagnosis, and long-term well-being.<\/p>\t\t\t\t\t\t\t\t<\/div>\n\t\t\t\t<\/div>\n\t\t\t\t<div class=\"elementor-element elementor-element-46986c01 elementor-align-center elementor-invisible elementor-widget elementor-widget-button\" data-id=\"46986c01\" data-element_type=\"widget\" data-e-type=\"widget\" data-settings=\"{&quot;_animation&quot;:&quot;fadeInDown&quot;}\" data-widget_type=\"button.default\">\n\t\t\t\t<div class=\"elementor-widget-container\">\n\t\t\t\t\t\t\t\t\t<div class=\"elementor-button-wrapper\">\n\t\t\t\t\t<a class=\"elementor-button elementor-button-link elementor-size-sm elementor-animation-grow\" href=\"#book\">\n\t\t\t\t\t\t<span class=\"elementor-button-content-wrapper\">\n\t\t\t\t\t\t\t\t\t<span class=\"elementor-button-text\">Weekend Services<\/span>\n\t\t\t\t\t<\/span>\n\t\t\t\t\t<\/a>\n\t\t\t\t<\/div>\n\t\t\t\t\t\t\t\t<\/div>\n\t\t\t\t<\/div>\n\t\t\t\t<\/div>\n\t\t\t\t<div class=\"elementor-element elementor-element-10f97a99 elementor-widget__width-initial elementor-widget-mobile__width-inherit elementor-widget elementor-widget-image\" data-id=\"10f97a99\" data-element_type=\"widget\" data-e-type=\"widget\" data-widget_type=\"image.default\">\n\t\t\t\t<div class=\"elementor-widget-container\">\n\t\t\t\t\t\t\t\t\t\t\t\t\t\t\t<img fetchpriority=\"high\" decoding=\"async\" width=\"2560\" height=\"1708\" src=\"https:\/\/www.ecclinic.ie\/wp-content\/uploads\/2025\/11\/EC-Clinic-Dr-Alejandro-Montilla-McCornic-Gynaecology-Dublin.png\" class=\"attachment-full size-full wp-image-4317\" alt=\"\" srcset=\"https:\/\/www.ecclinic.ie\/wp-content\/uploads\/2025\/11\/EC-Clinic-Dr-Alejandro-Montilla-McCornic-Gynaecology-Dublin.png 2560w, https:\/\/www.ecclinic.ie\/wp-content\/uploads\/2025\/11\/EC-Clinic-Dr-Alejandro-Montilla-McCornic-Gynaecology-Dublin-300x200.png 300w, https:\/\/www.ecclinic.ie\/wp-content\/uploads\/2025\/11\/EC-Clinic-Dr-Alejandro-Montilla-McCornic-Gynaecology-Dublin-1024x683.png 1024w, https:\/\/www.ecclinic.ie\/wp-content\/uploads\/2025\/11\/EC-Clinic-Dr-Alejandro-Montilla-McCornic-Gynaecology-Dublin-768x512.png 768w, https:\/\/www.ecclinic.ie\/wp-content\/uploads\/2025\/11\/EC-Clinic-Dr-Alejandro-Montilla-McCornic-Gynaecology-Dublin-1536x1025.png 1536w, https:\/\/www.ecclinic.ie\/wp-content\/uploads\/2025\/11\/EC-Clinic-Dr-Alejandro-Montilla-McCornic-Gynaecology-Dublin-2048x1366.png 2048w, https:\/\/www.ecclinic.ie\/wp-content\/uploads\/2025\/11\/EC-Clinic-Dr-Alejandro-Montilla-McCornic-Gynaecology-Dublin-18x12.png 18w\" sizes=\"(max-width: 2560px) 100vw, 2560px\" \/>\t\t\t\t\t\t\t\t\t\t\t\t\t\t\t<\/div>\n\t\t\t\t<\/div>\n\t\t\t\t<\/div>\n\t\t<div class=\"elementor-element elementor-element-129103b e-flex e-con-boxed e-con e-parent\" data-id=\"129103b\" data-element_type=\"container\" data-e-type=\"container\" id=\"book\">\n\t\t\t\t\t<div class=\"e-con-inner\">\n\t\t\t\t<div class=\"elementor-element elementor-element-5cd3254 elementor-widget elementor-widget-catalogbooking\" data-id=\"5cd3254\" data-element_type=\"widget\" data-e-type=\"widget\" data-widget_type=\"catalogbooking.default\">\n\t\t\t\t<div class=\"elementor-widget-container\">\n\t\t\t\t\t\n<script>\n  if (typeof hasAmeliaEntitiesApiCall === 'undefined' && ('' === '' && '' !== '1')) {\n    var hasAmeliaEntitiesApiCall = true;\n  }\n  var ameliaShortcodeData = (typeof ameliaShortcodeData === 'undefined') ? [] : ameliaShortcodeData;\n  ameliaShortcodeData.push(\n    {\n      'hasApiCall': (typeof hasAmeliaEntitiesApiCall !== 'undefined') && hasAmeliaEntitiesApiCall,\n      'trigger': '',\n      'trigger_type': '',\n      'triggered_form': 'cbf',\n      'in_dialog': '',\n      'show': '',\n      'counter': '1000',\n      'package': '',\n      'category': '1,2,4',\n      'service': '',\n      'employee': '1188',\n      'location': '',\n      'categories_hidden': ''\n    }\n  );\n  var ameliaShortcodeDataTriggered = (typeof ameliaShortcodeDataTriggered === 'undefined') ? [] : ameliaShortcodeDataTriggered;\n  if (ameliaShortcodeData[ameliaShortcodeData.length - 1].trigger !== '') {\n    if (ameliaShortcodeDataTriggered.filter(a => a.counter === ameliaShortcodeData[ameliaShortcodeData.length - 1].counter).length === 0) {\n      ameliaShortcodeDataTriggered.push(ameliaShortcodeData.pop());\n    } else {\n      ameliaShortcodeData.pop()\n    }\n  }\n  if (typeof hasAmeliaEntitiesApiCall !== 'undefined' && hasAmeliaEntitiesApiCall) {\n    hasAmeliaEntitiesApiCall = false;\n  }\n<\/script>\n\n<div\n  id=\"amelia-v2-booking-1000\"\n  class=\"amelia-v2-booking\"\n>\n    <catalog-form-wrapper><\/catalog-form-wrapper><\/div>\n\t\t\t\t<\/div>\n\t\t\t\t<\/div>\n\t\t\t\t\t<\/div>\n\t\t\t\t<\/div>\n\t\t\t\t<\/div>\n\t\t","protected":false},"excerpt":{"rendered":"<p>Weekend Services Weekend services with Dr. Montilla McCornic Dr. Montilla McCornic is a highly experienced gynaecologist and obstetrician with over 25 years dedicated to women\u2019s health. He provides ongoing, personalised care for women of all ages \u2014 from adolescence to menopause \u2014 focusing on prevention, early diagnosis, and long-term well-being. Weekend Services<\/p>","protected":false},"author":1,"featured_media":4317,"parent":0,"menu_order":0,"comment_status":"closed","ping_status":"closed","template":"elementor_header_footer","meta":{"_acf_changed":false,"footnotes":""},"class_list":["post-4355","page","type-page","status-publish","has-post-thumbnail","hentry"],"acf":[],"yoast_head":"<!-- This site is optimized with the Yoast SEO Premium plugin v25.8 (Yoast SEO v27.2) - https:\/\/yoast.com\/product\/yoast-seo-premium-wordpress\/ -->\n<title>Weekend Services - EC Clinic<\/title>\n<meta name=\"description\" content=\"Dr. Montilla McCornic is a highly experienced gynaecologist and obstetrician with over 25 years dedicated to women\u2019s health. He provides ongoing, personalised care for women of all ages.\" \/>\n<meta name=\"robots\" content=\"index, follow, max-snippet:-1, max-image-preview:large, max-video-preview:-1\" \/>\n<link rel=\"canonical\" href=\"https:\/\/www.ecclinic.ie\/pt\/servicos-de-fim-de-semana\/\" \/>\n<meta property=\"og:locale\" content=\"pt_PT\" \/>\n<meta property=\"og:type\" content=\"article\" \/>\n<meta property=\"og:title\" content=\"Weekend Services\" \/>\n<meta property=\"og:description\" content=\"Dr. Montilla McCornic is a highly experienced gynaecologist and obstetrician with over 25 years dedicated to women\u2019s health. He provides ongoing, personalised care for women of all ages.\" \/>\n<meta property=\"og:url\" content=\"https:\/\/www.ecclinic.ie\/pt\/servicos-de-fim-de-semana\/\" \/>\n<meta property=\"og:site_name\" content=\"EC Clinic\" \/>\n<meta property=\"article:modified_time\" content=\"2025-11-11T10:41:59+00:00\" \/>\n<meta property=\"og:image\" content=\"https:\/\/www.ecclinic.ie\/wp-content\/uploads\/2025\/11\/EC-Clinic-Dr-Alejandro-Montilla-McCornic-Gynaecology-Dublin-1024x683.png\" \/>\n\t<meta property=\"og:image:width\" content=\"1024\" \/>\n\t<meta property=\"og:image:height\" content=\"683\" \/>\n\t<meta property=\"og:image:type\" content=\"image\/png\" \/>\n<meta name=\"twitter:card\" content=\"summary_large_image\" \/>\n<meta name=\"twitter:label1\" content=\"Tempo estimado de leitura\" \/>\n\t<meta name=\"twitter:data1\" content=\"1 minuto\" \/>\n<script type=\"application\/ld+json\" class=\"yoast-schema-graph\">{\"@context\":\"https:\/\/schema.org\",\"@graph\":[{\"@type\":\"WebPage\",\"@id\":\"https:\/\/www.ecclinic.ie\/weekend-services\/\",\"url\":\"https:\/\/www.ecclinic.ie\/weekend-services\/\",\"name\":\"Weekend Services - EC Clinic\",\"isPartOf\":{\"@id\":\"https:\/\/www.ecclinic.ie\/pt\/#website\"},\"primaryImageOfPage\":{\"@id\":\"https:\/\/www.ecclinic.ie\/weekend-services\/#primaryimage\"},\"image\":{\"@id\":\"https:\/\/www.ecclinic.ie\/weekend-services\/#primaryimage\"},\"thumbnailUrl\":\"https:\/\/www.ecclinic.ie\/wp-content\/uploads\/2025\/11\/EC-Clinic-Dr-Alejandro-Montilla-McCornic-Gynaecology-Dublin.png\",\"datePublished\":\"2025-11-11T10:29:05+00:00\",\"dateModified\":\"2025-11-11T10:41:59+00:00\",\"description\":\"Dr. Montilla McCornic is a highly experienced gynaecologist and obstetrician with over 25 years dedicated to women\u2019s health. He provides ongoing, personalised care for women of all ages.\",\"breadcrumb\":{\"@id\":\"https:\/\/www.ecclinic.ie\/weekend-services\/#breadcrumb\"},\"inLanguage\":\"pt-PT\",\"potentialAction\":[{\"@type\":\"ReadAction\",\"target\":[\"https:\/\/www.ecclinic.ie\/weekend-services\/\"]}]},{\"@type\":\"ImageObject\",\"inLanguage\":\"pt-PT\",\"@id\":\"https:\/\/www.ecclinic.ie\/weekend-services\/#primaryimage\",\"url\":\"https:\/\/www.ecclinic.ie\/wp-content\/uploads\/2025\/11\/EC-Clinic-Dr-Alejandro-Montilla-McCornic-Gynaecology-Dublin.png\",\"contentUrl\":\"https:\/\/www.ecclinic.ie\/wp-content\/uploads\/2025\/11\/EC-Clinic-Dr-Alejandro-Montilla-McCornic-Gynaecology-Dublin.png\",\"width\":2560,\"height\":1708},{\"@type\":\"BreadcrumbList\",\"@id\":\"https:\/\/www.ecclinic.ie\/weekend-services\/#breadcrumb\",\"itemListElement\":[{\"@type\":\"ListItem\",\"position\":1,\"name\":\"Home\",\"item\":\"https:\/\/www.ecclinic.ie\/\"},{\"@type\":\"ListItem\",\"position\":2,\"name\":\"Weekend Services\"}]},{\"@type\":\"WebSite\",\"@id\":\"https:\/\/www.ecclinic.ie\/pt\/#website\",\"url\":\"https:\/\/www.ecclinic.ie\/pt\/\",\"name\":\"EC Clinic\",\"description\":\"Gynaecology and Aesthetics\",\"publisher\":{\"@id\":\"https:\/\/www.ecclinic.ie\/pt\/#organization\"},\"potentialAction\":[{\"@type\":\"SearchAction\",\"target\":{\"@type\":\"EntryPoint\",\"urlTemplate\":\"https:\/\/www.ecclinic.ie\/pt\/?s={search_term_string}\"},\"query-input\":{\"@type\":\"PropertyValueSpecification\",\"valueRequired\":true,\"valueName\":\"search_term_string\"}}],\"inLanguage\":\"pt-PT\"},{\"@type\":\"Organization\",\"@id\":\"https:\/\/www.ecclinic.ie\/pt\/#organization\",\"name\":\"EC Clinic\",\"url\":\"https:\/\/www.ecclinic.ie\/pt\/\",\"logo\":{\"@type\":\"ImageObject\",\"inLanguage\":\"pt-PT\",\"@id\":\"https:\/\/www.ecclinic.ie\/pt\/#\/schema\/logo\/image\/\",\"url\":\"https:\/\/www.ecclinic.ie\/wp-content\/uploads\/2024\/11\/EC_Logo4_multi_colours_proof-01.png\",\"contentUrl\":\"https:\/\/www.ecclinic.ie\/wp-content\/uploads\/2024\/11\/EC_Logo4_multi_colours_proof-01.png\",\"width\":1368,\"height\":1368,\"caption\":\"EC Clinic\"},\"image\":{\"@id\":\"https:\/\/www.ecclinic.ie\/pt\/#\/schema\/logo\/image\/\"},\"sameAs\":[\"https:\/\/www.instagram.com\/dreliana.gyne\",\"https:\/\/www.instagram.com\/ec.clinicie\"]}]}<\/script>\n<!-- \/ Yoast SEO Premium plugin. -->","yoast_head_json":{"title":"Servi\u00e7os de fim de semana - EC Clinic","description":"A Dra. Montilla McCornic \u00e9 uma ginecologista e obstetra altamente experiente, com mais de 25 anos dedicados \u00e0 sa\u00fade da mulher. Presta cuidados cont\u00ednuos e personalizados a mulheres de todas as idades.","robots":{"index":"index","follow":"follow","max-snippet":"max-snippet:-1","max-image-preview":"max-image-preview:large","max-video-preview":"max-video-preview:-1"},"canonical":"https:\/\/www.ecclinic.ie\/pt\/servicos-de-fim-de-semana\/","og_locale":"pt_PT","og_type":"article","og_title":"Weekend Services","og_description":"Dr. Montilla McCornic is a highly experienced gynaecologist and obstetrician with over 25 years dedicated to women\u2019s health. He provides ongoing, personalised care for women of all ages.","og_url":"https:\/\/www.ecclinic.ie\/pt\/servicos-de-fim-de-semana\/","og_site_name":"EC Clinic","article_modified_time":"2025-11-11T10:41:59+00:00","og_image":[{"width":1024,"height":683,"url":"https:\/\/www.ecclinic.ie\/wp-content\/uploads\/2025\/11\/EC-Clinic-Dr-Alejandro-Montilla-McCornic-Gynaecology-Dublin-1024x683.png","type":"image\/png"}],"twitter_card":"summary_large_image","twitter_misc":{"Tempo estimado de leitura":"1 minuto"},"schema":{"@context":"https:\/\/schema.org","@graph":[{"@type":"WebPage","@id":"https:\/\/www.ecclinic.ie\/weekend-services\/","url":"https:\/\/www.ecclinic.ie\/weekend-services\/","name":"Servi\u00e7os de fim de semana - EC Clinic","isPartOf":{"@id":"https:\/\/www.ecclinic.ie\/pt\/#website"},"primaryImageOfPage":{"@id":"https:\/\/www.ecclinic.ie\/weekend-services\/#primaryimage"},"image":{"@id":"https:\/\/www.ecclinic.ie\/weekend-services\/#primaryimage"},"thumbnailUrl":"https:\/\/www.ecclinic.ie\/wp-content\/uploads\/2025\/11\/EC-Clinic-Dr-Alejandro-Montilla-McCornic-Gynaecology-Dublin.png","datePublished":"2025-11-11T10:29:05+00:00","dateModified":"2025-11-11T10:41:59+00:00","description":"A Dra. Montilla McCornic \u00e9 uma ginecologista e obstetra altamente experiente, com mais de 25 anos dedicados \u00e0 sa\u00fade da mulher. Presta cuidados cont\u00ednuos e personalizados a mulheres de todas as idades.","breadcrumb":{"@id":"https:\/\/www.ecclinic.ie\/weekend-services\/#breadcrumb"},"inLanguage":"pt-PT","potentialAction":[{"@type":"ReadAction","target":["https:\/\/www.ecclinic.ie\/weekend-services\/"]}]},{"@type":"ImageObject","inLanguage":"pt-PT","@id":"https:\/\/www.ecclinic.ie\/weekend-services\/#primaryimage","url":"https:\/\/www.ecclinic.ie\/wp-content\/uploads\/2025\/11\/EC-Clinic-Dr-Alejandro-Montilla-McCornic-Gynaecology-Dublin.png","contentUrl":"https:\/\/www.ecclinic.ie\/wp-content\/uploads\/2025\/11\/EC-Clinic-Dr-Alejandro-Montilla-McCornic-Gynaecology-Dublin.png","width":2560,"height":1708},{"@type":"BreadcrumbList","@id":"https:\/\/www.ecclinic.ie\/weekend-services\/#breadcrumb","itemListElement":[{"@type":"ListItem","position":1,"name":"Home","item":"https:\/\/www.ecclinic.ie\/"},{"@type":"ListItem","position":2,"name":"Weekend Services"}]},{"@type":"WebSite","@id":"https:\/\/www.ecclinic.ie\/pt\/#website","url":"https:\/\/www.ecclinic.ie\/pt\/","name":"EC Clinic","description":"Ginecologia e Est\u00e9tica","publisher":{"@id":"https:\/\/www.ecclinic.ie\/pt\/#organization"},"potentialAction":[{"@type":"SearchAction","target":{"@type":"EntryPoint","urlTemplate":"https:\/\/www.ecclinic.ie\/pt\/?s={search_term_string}"},"query-input":{"@type":"PropertyValueSpecification","valueRequired":true,"valueName":"search_term_string"}}],"inLanguage":"pt-PT"},{"@type":"Organization","@id":"https:\/\/www.ecclinic.ie\/pt\/#organization","name":"EC Clinic","url":"https:\/\/www.ecclinic.ie\/pt\/","logo":{"@type":"ImageObject","inLanguage":"pt-PT","@id":"https:\/\/www.ecclinic.ie\/pt\/#\/schema\/logo\/image\/","url":"https:\/\/www.ecclinic.ie\/wp-content\/uploads\/2024\/11\/EC_Logo4_multi_colours_proof-01.png","contentUrl":"https:\/\/www.ecclinic.ie\/wp-content\/uploads\/2024\/11\/EC_Logo4_multi_colours_proof-01.png","width":1368,"height":1368,"caption":"EC Clinic"},"image":{"@id":"https:\/\/www.ecclinic.ie\/pt\/#\/schema\/logo\/image\/"},"sameAs":["https:\/\/www.instagram.com\/dreliana.gyne","https:\/\/www.instagram.com\/ec.clinicie"]}]}},"_links":{"self":[{"href":"https:\/\/www.ecclinic.ie\/pt\/wp-json\/wp\/v2\/pages\/4355","targetHints":{"allow":["GET"]}}],"collection":[{"href":"https:\/\/www.ecclinic.ie\/pt\/wp-json\/wp\/v2\/pages"}],"about":[{"href":"https:\/\/www.ecclinic.ie\/pt\/wp-json\/wp\/v2\/types\/page"}],"author":[{"embeddable":true,"href":"https:\/\/www.ecclinic.ie\/pt\/wp-json\/wp\/v2\/users\/1"}],"replies":[{"embeddable":true,"href":"https:\/\/www.ecclinic.ie\/pt\/wp-json\/wp\/v2\/comments?post=4355"}],"version-history":[{"count":4,"href":"https:\/\/www.ecclinic.ie\/pt\/wp-json\/wp\/v2\/pages\/4355\/revisions"}],"predecessor-version":[{"id":4359,"href":"https:\/\/www.ecclinic.ie\/pt\/wp-json\/wp\/v2\/pages\/4355\/revisions\/4359"}],"wp:featuredmedia":[{"embeddable":true,"href":"https:\/\/www.ecclinic.ie\/pt\/wp-json\/wp\/v2\/media\/4317"}],"wp:attachment":[{"href":"https:\/\/www.ecclinic.ie\/pt\/wp-json\/wp\/v2\/media?parent=4355"}],"curies":[{"name":"wp","href":"https:\/\/api.w.org\/{rel}","templated":true}]}}