{"id":3795,"date":"2025-08-15T14:49:30","date_gmt":"2025-08-15T13:49:30","guid":{"rendered":"https:\/\/www.ecclinic.ie\/?page_id=3795"},"modified":"2025-08-22T15:41:31","modified_gmt":"2025-08-22T14:41:31","slug":"politica-de-cancelamento","status":"publish","type":"page","link":"https:\/\/www.ecclinic.ie\/pt\/cancellation-policy\/","title":{"rendered":"Pol\u00edtica de Cancelamento"},"content":{"rendered":"<div data-elementor-type=\"wp-page\" data-elementor-id=\"3795\" class=\"elementor elementor-3795\" data-elementor-post-type=\"page\">\n\t\t\t\t<div class=\"elementor-element elementor-element-78f83f61 e-flex e-con-boxed e-con e-parent\" data-id=\"78f83f61\" data-element_type=\"container\" data-e-type=\"container\">\n\t\t\t\t\t<div class=\"e-con-inner\">\n\t\t\t\t<div class=\"elementor-element elementor-element-f3f83fa elementor-widget elementor-widget-heading\" data-id=\"f3f83fa\" data-element_type=\"widget\" data-e-type=\"widget\" data-widget_type=\"heading.default\">\n\t\t\t\t<div class=\"elementor-widget-container\">\n\t\t\t\t\t<h1 class=\"elementor-heading-title elementor-size-default\">Pol\u00edtica de Cancelamento<\/h1>\t\t\t\t<\/div>\n\t\t\t\t<\/div>\n\t\t\t\t<div class=\"elementor-element elementor-element-74425c56 elementor-widget elementor-widget-text-editor\" data-id=\"74425c56\" data-element_type=\"widget\" data-e-type=\"widget\" data-widget_type=\"text-editor.default\">\n\t\t\t\t<div class=\"elementor-widget-container\">\n\t\t\t\t\t\t\t\t\t\n<div><b>Hor\u00e1rio de Chegada:<\/b>\u00a0Por favor, chegue 15 minutos antes do hor\u00e1rio agendado para a sua consulta. Esse tempo extra nos permite concluir qualquer documenta\u00e7\u00e3o pendente e responder \u00e0s perguntas iniciais antes de iniciarmos a consulta.<br \/><br \/><\/div>\n<div><b>Pol\u00edtica de Atrasos:<\/b> Respeitar o tempo de todos os nossos pacientes \u00e9, portanto, uma prioridade:<br \/><br \/>\n<ul>\n<li>Se chegar atrasado \u00e0 consulta marcada, infelizmente n\u00e3o ser\u00e1 poss\u00edvel efetuar a consulta nesse dia e ter\u00e1 de remarcar.<\/li>\n<li>Neste caso, o dep\u00f3sito pago n\u00e3o ser\u00e1 reembols\u00e1vel.<\/li>\n<\/ul>\n<\/div>\n<div>\u00a0<\/div>\n<div><b>Altera\u00e7\u00f5es, Cancelamentos ou Consultas Perdidas:<\/b>\u00a0Na EC Clinic, nos esfor\u00e7amos para oferecer um servi\u00e7o excepcional a todos os nossos pacientes. Entendemos a import\u00e2ncia de consultas pontuais e buscamos atender \u00e0s necessidades de todos da melhor forma poss\u00edvel. No entanto, mudan\u00e7as de \u00faltima hora ou consultas perdidas podem impedir que outros pacientes recebam atendimento.<br \/><br \/><\/div>\n<div><b>Reagendamento de Consultas:<br \/><\/b>Os pacientes podem remarcar a sua consulta uma vez, desde que avisem com pelo menos 24 horas de anteced\u00eancia. Qualquer altera\u00e7\u00e3o posterior implica o pagamento de uma taxa de 100 euros.<br \/><br \/><b>Cancelamentos:<br \/><\/b>Se voc\u00ea precisar cancelar ou reagendar sua consulta, pedimos gentilmente que o fa\u00e7a com pelo menos 24 horas de anteced\u00eancia. Para cancelar uma consulta, envie um e-mail para <strong><a href=\"mailto:appointments@ecclinic.ie\">appointments@ecclinic.ie<\/a><\/strong>\u00a0com seu nome completo, data de nascimento, data e hor\u00e1rio da consulta.<\/div>\n<ul>\n<li>\n<div>Cancelamentos realizados com menos de 24 horas de anteced\u00eancia ou aus\u00eancias resultar\u00e3o na perda do dep\u00f3sito.<\/div>\n<\/li>\n<li>\n<div>Uma taxa de cancelamento de 100 \u20ac ser\u00e1 cobrada para cancelamentos com menos de 24 horas de aviso pr\u00e9vio. Qualquer saldo restante ser\u00e1 reembolsado para o m\u00e9todo de pagamento original. O processamento de reembolsos pode levar at\u00e9 5 dias \u00fateis e pode demorar at\u00e9 10 dias para ser refletido, dependendo do seu banco.<br \/><br \/><\/div>\n<\/li>\n<\/ul>\n<div><b>Consultas Perdidas:<\/b>\u00a0N\u00e3o comparecer a uma consulta, chegar atrasado ou faltar \u00e0 consulta sem aviso pr\u00e9vio resultar\u00e1 em uma taxa de 100 \u20ac. Por favor, certifique-se de chegar no hor\u00e1rio e sem acompanhantes.<\/div>\n\t\t\t\t\t\t\t\t<\/div>\n\t\t\t\t<\/div>\n\t\t\t\t\t<\/div>\n\t\t\t\t<\/div>\n\t\t\t\t<\/div>","protected":false},"excerpt":{"rendered":"<p>Cancellation Policy Arrival Time:\u00a0Please arrive 15 minutes before your scheduled appointment. This extra time allows us to complete any pending paperwork and answer any initial questions before starting your consultation. Late Arrival Policy: Respecting the time of all our patients is a priority, therefore: If you arrive late for your scheduled appointment, unfortunately we will [&hellip;]<\/p>\n","protected":false},"author":1,"featured_media":0,"parent":0,"menu_order":0,"comment_status":"closed","ping_status":"closed","template":"","meta":{"_acf_changed":false,"footnotes":""},"class_list":["post-3795","page","type-page","status-publish","hentry"],"acf":[],"yoast_head":"<!-- This site is optimized with the Yoast SEO Premium plugin v25.8 (Yoast SEO v27.2) - https:\/\/yoast.com\/product\/yoast-seo-premium-wordpress\/ -->\n<title>Cancellation Policy - EC Clinic<\/title>\n<meta name=\"robots\" content=\"index, follow, max-snippet:-1, max-image-preview:large, max-video-preview:-1\" \/>\n<link rel=\"canonical\" href=\"https:\/\/www.ecclinic.ie\/pt\/politica-de-cancelamento\/\" \/>\n<meta property=\"og:locale\" content=\"pt_PT\" \/>\n<meta property=\"og:type\" content=\"article\" \/>\n<meta property=\"og:title\" content=\"Cancellation Policy\" \/>\n<meta property=\"og:description\" content=\"Cancellation Policy Arrival Time:\u00a0Please arrive 15 minutes before your scheduled appointment. This extra time allows us to complete any pending paperwork and answer any initial questions before starting your consultation. Late Arrival Policy: Respecting the time of all our patients is a priority, therefore: If you arrive late for your scheduled appointment, unfortunately we will [&hellip;]\" \/>\n<meta property=\"og:url\" content=\"https:\/\/www.ecclinic.ie\/pt\/politica-de-cancelamento\/\" \/>\n<meta property=\"og:site_name\" content=\"EC Clinic\" \/>\n<meta property=\"article:modified_time\" content=\"2025-08-22T14:41:31+00:00\" \/>\n<meta name=\"twitter:card\" content=\"summary_large_image\" \/>\n<meta name=\"twitter:label1\" content=\"Tempo estimado de leitura\" \/>\n\t<meta name=\"twitter:data1\" content=\"2 minutos\" \/>\n<script type=\"application\/ld+json\" class=\"yoast-schema-graph\">{\"@context\":\"https:\/\/schema.org\",\"@graph\":[{\"@type\":\"WebPage\",\"@id\":\"https:\/\/www.ecclinic.ie\/cancellation-policy\/\",\"url\":\"https:\/\/www.ecclinic.ie\/cancellation-policy\/\",\"name\":\"Cancellation Policy - EC Clinic\",\"isPartOf\":{\"@id\":\"https:\/\/www.ecclinic.ie\/pt\/#website\"},\"datePublished\":\"2025-08-15T13:49:30+00:00\",\"dateModified\":\"2025-08-22T14:41:31+00:00\",\"breadcrumb\":{\"@id\":\"https:\/\/www.ecclinic.ie\/cancellation-policy\/#breadcrumb\"},\"inLanguage\":\"pt-PT\",\"potentialAction\":[{\"@type\":\"ReadAction\",\"target\":[\"https:\/\/www.ecclinic.ie\/cancellation-policy\/\"]}]},{\"@type\":\"BreadcrumbList\",\"@id\":\"https:\/\/www.ecclinic.ie\/cancellation-policy\/#breadcrumb\",\"itemListElement\":[{\"@type\":\"ListItem\",\"position\":1,\"name\":\"Home\",\"item\":\"https:\/\/www.ecclinic.ie\/\"},{\"@type\":\"ListItem\",\"position\":2,\"name\":\"Cancellation Policy\"}]},{\"@type\":\"WebSite\",\"@id\":\"https:\/\/www.ecclinic.ie\/pt\/#website\",\"url\":\"https:\/\/www.ecclinic.ie\/pt\/\",\"name\":\"EC Clinic\",\"description\":\"Gynaecology and Aesthetics\",\"publisher\":{\"@id\":\"https:\/\/www.ecclinic.ie\/pt\/#organization\"},\"potentialAction\":[{\"@type\":\"SearchAction\",\"target\":{\"@type\":\"EntryPoint\",\"urlTemplate\":\"https:\/\/www.ecclinic.ie\/pt\/?s={search_term_string}\"},\"query-input\":{\"@type\":\"PropertyValueSpecification\",\"valueRequired\":true,\"valueName\":\"search_term_string\"}}],\"inLanguage\":\"pt-PT\"},{\"@type\":\"Organization\",\"@id\":\"https:\/\/www.ecclinic.ie\/pt\/#organization\",\"name\":\"EC Clinic\",\"url\":\"https:\/\/www.ecclinic.ie\/pt\/\",\"logo\":{\"@type\":\"ImageObject\",\"inLanguage\":\"pt-PT\",\"@id\":\"https:\/\/www.ecclinic.ie\/pt\/#\/schema\/logo\/image\/\",\"url\":\"https:\/\/www.ecclinic.ie\/wp-content\/uploads\/2024\/11\/EC_Logo4_multi_colours_proof-01.png\",\"contentUrl\":\"https:\/\/www.ecclinic.ie\/wp-content\/uploads\/2024\/11\/EC_Logo4_multi_colours_proof-01.png\",\"width\":1368,\"height\":1368,\"caption\":\"EC Clinic\"},\"image\":{\"@id\":\"https:\/\/www.ecclinic.ie\/pt\/#\/schema\/logo\/image\/\"},\"sameAs\":[\"https:\/\/www.instagram.com\/dreliana.gyne\",\"https:\/\/www.instagram.com\/ec.clinicie\"]}]}<\/script>\n<!-- \/ Yoast SEO Premium plugin. -->","yoast_head_json":{"title":"Pol\u00edtica de cancelamento - EC Clinic","robots":{"index":"index","follow":"follow","max-snippet":"max-snippet:-1","max-image-preview":"max-image-preview:large","max-video-preview":"max-video-preview:-1"},"canonical":"https:\/\/www.ecclinic.ie\/pt\/politica-de-cancelamento\/","og_locale":"pt_PT","og_type":"article","og_title":"Cancellation Policy","og_description":"Cancellation Policy Arrival Time:\u00a0Please arrive 15 minutes before your scheduled appointment. This extra time allows us to complete any pending paperwork and answer any initial questions before starting your consultation. Late Arrival Policy: Respecting the time of all our patients is a priority, therefore: If you arrive late for your scheduled appointment, unfortunately we will [&hellip;]","og_url":"https:\/\/www.ecclinic.ie\/pt\/politica-de-cancelamento\/","og_site_name":"EC Clinic","article_modified_time":"2025-08-22T14:41:31+00:00","twitter_card":"summary_large_image","twitter_misc":{"Tempo estimado de leitura":"2 minutos"},"schema":{"@context":"https:\/\/schema.org","@graph":[{"@type":"WebPage","@id":"https:\/\/www.ecclinic.ie\/cancellation-policy\/","url":"https:\/\/www.ecclinic.ie\/cancellation-policy\/","name":"Pol\u00edtica de cancelamento - EC Clinic","isPartOf":{"@id":"https:\/\/www.ecclinic.ie\/pt\/#website"},"datePublished":"2025-08-15T13:49:30+00:00","dateModified":"2025-08-22T14:41:31+00:00","breadcrumb":{"@id":"https:\/\/www.ecclinic.ie\/cancellation-policy\/#breadcrumb"},"inLanguage":"pt-PT","potentialAction":[{"@type":"ReadAction","target":["https:\/\/www.ecclinic.ie\/cancellation-policy\/"]}]},{"@type":"BreadcrumbList","@id":"https:\/\/www.ecclinic.ie\/cancellation-policy\/#breadcrumb","itemListElement":[{"@type":"ListItem","position":1,"name":"Home","item":"https:\/\/www.ecclinic.ie\/"},{"@type":"ListItem","position":2,"name":"Cancellation Policy"}]},{"@type":"WebSite","@id":"https:\/\/www.ecclinic.ie\/pt\/#website","url":"https:\/\/www.ecclinic.ie\/pt\/","name":"EC Clinic","description":"Ginecologia e Est\u00e9tica","publisher":{"@id":"https:\/\/www.ecclinic.ie\/pt\/#organization"},"potentialAction":[{"@type":"SearchAction","target":{"@type":"EntryPoint","urlTemplate":"https:\/\/www.ecclinic.ie\/pt\/?s={search_term_string}"},"query-input":{"@type":"PropertyValueSpecification","valueRequired":true,"valueName":"search_term_string"}}],"inLanguage":"pt-PT"},{"@type":"Organization","@id":"https:\/\/www.ecclinic.ie\/pt\/#organization","name":"EC Clinic","url":"https:\/\/www.ecclinic.ie\/pt\/","logo":{"@type":"ImageObject","inLanguage":"pt-PT","@id":"https:\/\/www.ecclinic.ie\/pt\/#\/schema\/logo\/image\/","url":"https:\/\/www.ecclinic.ie\/wp-content\/uploads\/2024\/11\/EC_Logo4_multi_colours_proof-01.png","contentUrl":"https:\/\/www.ecclinic.ie\/wp-content\/uploads\/2024\/11\/EC_Logo4_multi_colours_proof-01.png","width":1368,"height":1368,"caption":"EC Clinic"},"image":{"@id":"https:\/\/www.ecclinic.ie\/pt\/#\/schema\/logo\/image\/"},"sameAs":["https:\/\/www.instagram.com\/dreliana.gyne","https:\/\/www.instagram.com\/ec.clinicie"]}]}},"_links":{"self":[{"href":"https:\/\/www.ecclinic.ie\/pt\/wp-json\/wp\/v2\/pages\/3795","targetHints":{"allow":["GET"]}}],"collection":[{"href":"https:\/\/www.ecclinic.ie\/pt\/wp-json\/wp\/v2\/pages"}],"about":[{"href":"https:\/\/www.ecclinic.ie\/pt\/wp-json\/wp\/v2\/types\/page"}],"author":[{"embeddable":true,"href":"https:\/\/www.ecclinic.ie\/pt\/wp-json\/wp\/v2\/users\/1"}],"replies":[{"embeddable":true,"href":"https:\/\/www.ecclinic.ie\/pt\/wp-json\/wp\/v2\/comments?post=3795"}],"version-history":[{"count":7,"href":"https:\/\/www.ecclinic.ie\/pt\/wp-json\/wp\/v2\/pages\/3795\/revisions"}],"predecessor-version":[{"id":3930,"href":"https:\/\/www.ecclinic.ie\/pt\/wp-json\/wp\/v2\/pages\/3795\/revisions\/3930"}],"wp:attachment":[{"href":"https:\/\/www.ecclinic.ie\/pt\/wp-json\/wp\/v2\/media?parent=3795"}],"curies":[{"name":"wp","href":"https:\/\/api.w.org\/{rel}","templated":true}]}}