{"id":3,"date":"2024-11-18T20:32:39","date_gmt":"2024-11-18T20:32:39","guid":{"rendered":"http:\/\/127.0.0.1\/?page_id=3"},"modified":"2026-01-08T13:13:33","modified_gmt":"2026-01-08T13:13:33","slug":"politica-de-privacidade","status":"publish","type":"page","link":"https:\/\/www.ecclinic.ie\/pt\/privacy-policy\/","title":{"rendered":"Pol\u00edtica de Privacidade"},"content":{"rendered":"<div data-elementor-type=\"wp-page\" data-elementor-id=\"3\" class=\"elementor elementor-3\" data-elementor-post-type=\"page\">\n\t\t\t\t<div class=\"elementor-element elementor-element-78f83f61 e-flex e-con-boxed e-con e-parent\" data-id=\"78f83f61\" data-element_type=\"container\" data-e-type=\"container\">\n\t\t\t\t\t<div class=\"e-con-inner\">\n\t\t\t\t<div class=\"elementor-element elementor-element-795dffe elementor-widget elementor-widget-heading\" data-id=\"795dffe\" data-element_type=\"widget\" data-e-type=\"widget\" data-widget_type=\"heading.default\">\n\t\t\t\t<div class=\"elementor-widget-container\">\n\t\t\t\t\t<h1 class=\"elementor-heading-title elementor-size-default\">Pol\u00edtica de Privacidade<\/h1>\t\t\t\t<\/div>\n\t\t\t\t<\/div>\n\t\t\t\t<div class=\"elementor-element elementor-element-74425c56 elementor-widget elementor-widget-text-editor\" data-id=\"74425c56\" data-element_type=\"widget\" data-e-type=\"widget\" data-widget_type=\"text-editor.default\">\n\t\t\t\t<div class=\"elementor-widget-container\">\n\t\t\t\t\t\t\t\t\t\n<p>\u00daltima atualiza\u00e7\u00e3o em 08-Jan-2025<br \/>Data efectiva 16-Dez-2024<\/p>\n\n<p>Esta Pol\u00edtica de Privacidade descreve as pol\u00edticas da EC Clinic Limited, EC Clinic Limited, Unit E, Trinity Central 152-160 Pearse St, Dublin, Irlanda, D02 Y8N7; e-mail: info@ecclinic.ie, telefone: 01 912 5590 sobre a recolha, utiliza\u00e7\u00e3o e divulga\u00e7\u00e3o das suas informa\u00e7\u00f5es que recolhemos quando utiliza o nosso s\u00edtio Web ( https:\/\/www.ecclinic.ie ). (o \"Servi\u00e7o\"). Ao aceder ou utilizar o Servi\u00e7o, o utilizador est\u00e1 a consentir a recolha, utiliza\u00e7\u00e3o e divulga\u00e7\u00e3o das suas informa\u00e7\u00f5es de acordo com a presente Pol\u00edtica de Privacidade. Se n\u00e3o concordar com o mesmo, por favor n\u00e3o aceda ou utilize o Servi\u00e7o.<\/p>\n\n<p><br \/>Podemos modificar esta Pol\u00edtica de Privacidade em qualquer altura sem qualquer aviso pr\u00e9vio ao utilizador e publicaremos a Pol\u00edtica de Privacidade revista no Servi\u00e7o. A Pol\u00edtica revista entrar\u00e1 em vigor 180 dias ap\u00f3s a publica\u00e7\u00e3o da Pol\u00edtica revista no Servi\u00e7o e o seu acesso ou utiliza\u00e7\u00e3o continuada do Servi\u00e7o ap\u00f3s esse per\u00edodo constituir\u00e1 a sua aceita\u00e7\u00e3o da Pol\u00edtica de Privacidade revista. Por conseguinte, recomendamos que reveja periodicamente esta p\u00e1gina.<\/p>\n\n<p><strong>Informa\u00e7\u00f5es que recolhemos:<\/strong><br \/>Iremos recolher e processar as seguintes informa\u00e7\u00f5es pessoais sobre o utilizador:<\/p>\n\n<p>Nome<br \/>Endere\u00e7o de correio eletr\u00f3nico<br \/>N\u00famero de telefone<br \/>Pa\u00eds de resid\u00eancia<br \/>Data de nascimento<br \/>Endere\u00e7o<br \/>N\u00famero PPS<\/p>\n\n<p><strong>Como recolhemos as suas informa\u00e7\u00f5es:<\/strong><br \/>Recolhemos\/recebemos informa\u00e7\u00f5es sobre o utilizador da seguinte forma:<\/p>\n\n<p>Quando um utilizador preenche o formul\u00e1rio de registo ou apresenta informa\u00e7\u00f5es pessoais<br \/>Interage com o s\u00edtio Web<br \/>De fontes p\u00fablicas<\/p>\n\n<p><strong>Como utilizamos as suas informa\u00e7\u00f5es:<\/strong><br \/>Utilizaremos as informa\u00e7\u00f5es que recolhemos sobre o utilizador para os seguintes fins<\/p>\n\n<p>Marketing\/Promocional<br \/>Processamento de pagamentos<br \/>Apoio<br \/>Informa\u00e7\u00f5es administrativas<br \/>Gerir a encomenda do cliente<\/p>\n\n<p><br \/>Se pretendermos utilizar as suas informa\u00e7\u00f5es para qualquer outro fim, pedir-lhe-emos o seu consentimento e s\u00f3 utilizaremos as suas informa\u00e7\u00f5es depois de recebermos o seu consentimento e, em seguida, apenas para o(s) fim(ns) para o(s) qual(is) concedeu o seu consentimento, a menos que sejamos obrigados por lei a fazer o contr\u00e1rio.<\/p>\n\n<p><strong>Como partilhamos as suas informa\u00e7\u00f5es:<\/strong><br \/>N\u00e3o transferiremos as suas informa\u00e7\u00f5es pessoais para terceiros sem o seu consentimento, exceto em circunst\u00e2ncias limitadas, conforme descrito abaixo:<\/p>\n\n<p><strong>Anal\u00edtica<\/strong><br \/>Exigimos que esses terceiros utilizem as informa\u00e7\u00f5es pessoais que lhes transferimos apenas para os fins para os quais foram transferidas e que n\u00e3o as conservem por mais tempo do que o necess\u00e1rio para cumprir os referidos fins.<br \/>Tamb\u00e9m podemos divulgar as suas informa\u00e7\u00f5es pessoais para o seguinte: (1) para cumprir a lei aplic\u00e1vel, regulamento, ordem judicial ou outro processo legal; (2) para fazer cumprir os seus acordos connosco, incluindo esta Pol\u00edtica de Privacidade; ou (3) para responder a reclama\u00e7\u00f5es de que a sua utiliza\u00e7\u00e3o do Servi\u00e7o viola quaisquer direitos de terceiros. Se o Servi\u00e7o ou a nossa empresa for fundido ou adquirido por outra empresa, as suas informa\u00e7\u00f5es ser\u00e3o um dos activos transferidos para o novo propriet\u00e1rio.<\/p>\n\n<p><strong>Reten\u00e7\u00e3o das informa\u00e7\u00f5es do utilizador:<\/strong><br \/>Conservaremos as suas informa\u00e7\u00f5es pessoais durante 90 dias a 2 anos depois de os utilizadores encerrarem as suas contas ou durante o tempo necess\u00e1rio para cumprir os objectivos para os quais foram recolhidas, conforme descrito na presente Pol\u00edtica de Privacidade. Poderemos ter de conservar determinadas informa\u00e7\u00f5es durante per\u00edodos mais longos, como a manuten\u00e7\u00e3o de registos\/relat\u00f3rios em conformidade com a legisla\u00e7\u00e3o aplic\u00e1vel ou por outros motivos leg\u00edtimos, como a aplica\u00e7\u00e3o de direitos legais, a preven\u00e7\u00e3o de fraudes, etc. As informa\u00e7\u00f5es an\u00f3nimas residuais e as informa\u00e7\u00f5es agregadas, nenhuma das quais o identifica (direta ou indiretamente), podem ser armazenadas indefinidamente.<\/p>\n\n<p><strong>Os seus direitos:<\/strong><br \/>Dependendo da lei aplic\u00e1vel, pode ter o direito de aceder e retificar ou apagar os seus dados pessoais ou receber uma c\u00f3pia dos seus dados pessoais, restringir ou opor-se ao processamento ativo dos seus dados, pedir-nos para partilhar (portar) as suas informa\u00e7\u00f5es pessoais com outra entidade, retirar qualquer consentimento que nos tenha dado para processar os seus dados, o direito de apresentar uma queixa junto de uma autoridade legal e outros direitos que possam ser relevantes ao abrigo da legisla\u00e7\u00e3o aplic\u00e1vel. Para exercer estes direitos, pode escrever-nos para info@ecclinic.ie. Responderemos ao seu pedido em conformidade com a legisla\u00e7\u00e3o aplic\u00e1vel.<br \/>Pode optar por n\u00e3o receber comunica\u00e7\u00f5es de marketing direto ou a defini\u00e7\u00e3o de perfis que efectuamos para fins de marketing, escrevendo-nos para info@ecclinic.ie.<br \/>Tenha em aten\u00e7\u00e3o que, se n\u00e3o nos autorizar a recolher ou processar as informa\u00e7\u00f5es pessoais necess\u00e1rias ou se retirar o consentimento para o processamento das mesmas para os fins pretendidos, poder\u00e1 n\u00e3o conseguir aceder ou utilizar os servi\u00e7os para os quais as suas informa\u00e7\u00f5es foram solicitadas.<\/p>\n\n<p><strong>Cookies Etc.<\/strong><br \/>Para saber mais sobre a forma como as utilizamos e as suas escolhas em rela\u00e7\u00e3o a estas tecnologias de rastreio, consulte a nossa Pol\u00edtica de Cookies.<\/p>\n\n<p><strong>Seguran\u00e7a:<\/strong><br \/>A seguran\u00e7a das suas informa\u00e7\u00f5es \u00e9 importante para n\u00f3s e utilizaremos medidas de seguran\u00e7a razo\u00e1veis para evitar a perda, utiliza\u00e7\u00e3o indevida ou altera\u00e7\u00e3o n\u00e3o autorizada das suas informa\u00e7\u00f5es sob o nosso controlo. No entanto, tendo em conta os riscos inerentes, n\u00e3o podemos garantir uma seguran\u00e7a absoluta e, consequentemente, n\u00e3o podemos assegurar ou garantir a seguran\u00e7a de quaisquer informa\u00e7\u00f5es que nos transmita e f\u00e1-lo-\u00e1 por sua conta e risco.<\/p>\n\n<p><strong>Liga\u00e7\u00f5es de terceiros e utiliza\u00e7\u00e3o das suas informa\u00e7\u00f5es:<\/strong><br \/>O nosso Servi\u00e7o pode conter liga\u00e7\u00f5es a outros s\u00edtios Web que n\u00e3o s\u00e3o operados por n\u00f3s. Esta Pol\u00edtica de Privacidade n\u00e3o aborda a pol\u00edtica de privacidade e outras pr\u00e1ticas de terceiros, incluindo terceiros que operem qualquer s\u00edtio Web ou servi\u00e7o que possa ser acedido atrav\u00e9s de uma liga\u00e7\u00e3o no Servi\u00e7o. Aconselhamos vivamente o utilizador a rever a pol\u00edtica de privacidade de todos os sites que visita. N\u00e3o temos qualquer controlo e n\u00e3o assumimos qualquer responsabilidade pelo conte\u00fado, pol\u00edticas de privacidade ou pr\u00e1ticas de quaisquer sites ou servi\u00e7os de terceiros.<\/p>\n\n<p><strong>Respons\u00e1vel pelas queixas \/ prote\u00e7\u00e3o de dados:<\/strong><br \/>Se tiver d\u00favidas ou preocupa\u00e7\u00f5es sobre o processamento das suas informa\u00e7\u00f5es que est\u00e3o dispon\u00edveis connosco, pode enviar uma mensagem de correio eletr\u00f3nico para o nosso Respons\u00e1vel pelas Reclama\u00e7\u00f5es em EC Clinic Limited, EC Clinic Limited, Unit E, Trinity Central 152-160 Pearse St, Dublin, Irlanda, D02 Y8N7; e-mail: info@ecclinic.ie. Trataremos das suas preocupa\u00e7\u00f5es de acordo com a legisla\u00e7\u00e3o aplic\u00e1vel.<\/p>\n\t\t\t\t\t\t\t\t<\/div>\n\t\t\t\t<\/div>\n\t\t\t\t\t<\/div>\n\t\t\t\t<\/div>\n\t\t\t\t<\/div>","protected":false},"excerpt":{"rendered":"<p>Privacy Policy Last Updated On 08-Jan-2025Effective Date 16-Dec-2024 This Privacy Policy describes the policies of EC Clinic Limited, EC Clinic Limited, Unit E, Trinity Central 152-160 Pearse St, Dublin, Ireland, D02 Y8N7; email: info@ecclinic.ie, phone: 01 912 5590 on the collection, use and disclosure of your information that we collect when you use our website [&hellip;]<\/p>\n","protected":false},"author":2,"featured_media":0,"parent":0,"menu_order":0,"comment_status":"closed","ping_status":"open","template":"","meta":{"_acf_changed":false,"footnotes":""},"class_list":["post-3","page","type-page","status-publish","hentry"],"acf":[],"yoast_head":"<!-- This site is optimized with the Yoast SEO Premium plugin v25.8 (Yoast SEO v27.2) - https:\/\/yoast.com\/product\/yoast-seo-premium-wordpress\/ -->\n<title>Privacy Policy - EC Clinic<\/title>\n<meta name=\"robots\" content=\"index, follow, max-snippet:-1, max-image-preview:large, max-video-preview:-1\" \/>\n<link rel=\"canonical\" href=\"https:\/\/www.ecclinic.ie\/pt\/politica-de-privacidade\/\" \/>\n<meta property=\"og:locale\" content=\"pt_PT\" \/>\n<meta property=\"og:type\" content=\"article\" \/>\n<meta property=\"og:title\" content=\"Privacy Policy\" \/>\n<meta property=\"og:description\" content=\"Privacy Policy Last Updated On 08-Jan-2025Effective Date 16-Dec-2024 This Privacy Policy describes the policies of EC Clinic Limited, EC Clinic Limited, Unit E, Trinity Central 152-160 Pearse St, Dublin, Ireland, D02 Y8N7; email: info@ecclinic.ie, phone: 01 912 5590 on the collection, use and disclosure of your information that we collect when you use our website [&hellip;]\" \/>\n<meta property=\"og:url\" content=\"https:\/\/www.ecclinic.ie\/pt\/politica-de-privacidade\/\" \/>\n<meta property=\"og:site_name\" content=\"EC Clinic\" \/>\n<meta property=\"article:modified_time\" content=\"2026-01-08T13:13:33+00:00\" \/>\n<meta name=\"twitter:card\" content=\"summary_large_image\" \/>\n<meta name=\"twitter:label1\" content=\"Tempo estimado de leitura\" \/>\n\t<meta name=\"twitter:data1\" content=\"5 minutos\" \/>\n<script type=\"application\/ld+json\" class=\"yoast-schema-graph\">{\"@context\":\"https:\/\/schema.org\",\"@graph\":[{\"@type\":\"WebPage\",\"@id\":\"https:\/\/www.ecclinic.ie\/privacy-policy\/\",\"url\":\"https:\/\/www.ecclinic.ie\/privacy-policy\/\",\"name\":\"Privacy Policy - EC Clinic\",\"isPartOf\":{\"@id\":\"https:\/\/www.ecclinic.ie\/pt\/#website\"},\"datePublished\":\"2024-11-18T20:32:39+00:00\",\"dateModified\":\"2026-01-08T13:13:33+00:00\",\"breadcrumb\":{\"@id\":\"https:\/\/www.ecclinic.ie\/privacy-policy\/#breadcrumb\"},\"inLanguage\":\"pt-PT\",\"potentialAction\":[{\"@type\":\"ReadAction\",\"target\":[\"https:\/\/www.ecclinic.ie\/privacy-policy\/\"]}]},{\"@type\":\"BreadcrumbList\",\"@id\":\"https:\/\/www.ecclinic.ie\/privacy-policy\/#breadcrumb\",\"itemListElement\":[{\"@type\":\"ListItem\",\"position\":1,\"name\":\"Home\",\"item\":\"https:\/\/www.ecclinic.ie\/\"},{\"@type\":\"ListItem\",\"position\":2,\"name\":\"Privacy Policy\"}]},{\"@type\":\"WebSite\",\"@id\":\"https:\/\/www.ecclinic.ie\/pt\/#website\",\"url\":\"https:\/\/www.ecclinic.ie\/pt\/\",\"name\":\"EC Clinic\",\"description\":\"Gynaecology and Aesthetics\",\"publisher\":{\"@id\":\"https:\/\/www.ecclinic.ie\/pt\/#organization\"},\"potentialAction\":[{\"@type\":\"SearchAction\",\"target\":{\"@type\":\"EntryPoint\",\"urlTemplate\":\"https:\/\/www.ecclinic.ie\/pt\/?s={search_term_string}\"},\"query-input\":{\"@type\":\"PropertyValueSpecification\",\"valueRequired\":true,\"valueName\":\"search_term_string\"}}],\"inLanguage\":\"pt-PT\"},{\"@type\":\"Organization\",\"@id\":\"https:\/\/www.ecclinic.ie\/pt\/#organization\",\"name\":\"EC Clinic\",\"url\":\"https:\/\/www.ecclinic.ie\/pt\/\",\"logo\":{\"@type\":\"ImageObject\",\"inLanguage\":\"pt-PT\",\"@id\":\"https:\/\/www.ecclinic.ie\/pt\/#\/schema\/logo\/image\/\",\"url\":\"https:\/\/www.ecclinic.ie\/wp-content\/uploads\/2024\/11\/EC_Logo4_multi_colours_proof-01.png\",\"contentUrl\":\"https:\/\/www.ecclinic.ie\/wp-content\/uploads\/2024\/11\/EC_Logo4_multi_colours_proof-01.png\",\"width\":1368,\"height\":1368,\"caption\":\"EC Clinic\"},\"image\":{\"@id\":\"https:\/\/www.ecclinic.ie\/pt\/#\/schema\/logo\/image\/\"},\"sameAs\":[\"https:\/\/www.instagram.com\/dreliana.gyne\",\"https:\/\/www.instagram.com\/ec.clinicie\"]}]}<\/script>\n<!-- \/ Yoast SEO Premium plugin. -->","yoast_head_json":{"title":"Pol\u00edtica de privacidade - EC Clinic","robots":{"index":"index","follow":"follow","max-snippet":"max-snippet:-1","max-image-preview":"max-image-preview:large","max-video-preview":"max-video-preview:-1"},"canonical":"https:\/\/www.ecclinic.ie\/pt\/politica-de-privacidade\/","og_locale":"pt_PT","og_type":"article","og_title":"Privacy Policy","og_description":"Privacy Policy Last Updated On 08-Jan-2025Effective Date 16-Dec-2024 This Privacy Policy describes the policies of EC Clinic Limited, EC Clinic Limited, Unit E, Trinity Central 152-160 Pearse St, Dublin, Ireland, D02 Y8N7; email: info@ecclinic.ie, phone: 01 912 5590 on the collection, use and disclosure of your information that we collect when you use our website [&hellip;]","og_url":"https:\/\/www.ecclinic.ie\/pt\/politica-de-privacidade\/","og_site_name":"EC Clinic","article_modified_time":"2026-01-08T13:13:33+00:00","twitter_card":"summary_large_image","twitter_misc":{"Tempo estimado de leitura":"5 minutos"},"schema":{"@context":"https:\/\/schema.org","@graph":[{"@type":"WebPage","@id":"https:\/\/www.ecclinic.ie\/privacy-policy\/","url":"https:\/\/www.ecclinic.ie\/privacy-policy\/","name":"Pol\u00edtica de privacidade - EC Clinic","isPartOf":{"@id":"https:\/\/www.ecclinic.ie\/pt\/#website"},"datePublished":"2024-11-18T20:32:39+00:00","dateModified":"2026-01-08T13:13:33+00:00","breadcrumb":{"@id":"https:\/\/www.ecclinic.ie\/privacy-policy\/#breadcrumb"},"inLanguage":"pt-PT","potentialAction":[{"@type":"ReadAction","target":["https:\/\/www.ecclinic.ie\/privacy-policy\/"]}]},{"@type":"BreadcrumbList","@id":"https:\/\/www.ecclinic.ie\/privacy-policy\/#breadcrumb","itemListElement":[{"@type":"ListItem","position":1,"name":"Home","item":"https:\/\/www.ecclinic.ie\/"},{"@type":"ListItem","position":2,"name":"Privacy Policy"}]},{"@type":"WebSite","@id":"https:\/\/www.ecclinic.ie\/pt\/#website","url":"https:\/\/www.ecclinic.ie\/pt\/","name":"EC Clinic","description":"Ginecologia e Est\u00e9tica","publisher":{"@id":"https:\/\/www.ecclinic.ie\/pt\/#organization"},"potentialAction":[{"@type":"SearchAction","target":{"@type":"EntryPoint","urlTemplate":"https:\/\/www.ecclinic.ie\/pt\/?s={search_term_string}"},"query-input":{"@type":"PropertyValueSpecification","valueRequired":true,"valueName":"search_term_string"}}],"inLanguage":"pt-PT"},{"@type":"Organization","@id":"https:\/\/www.ecclinic.ie\/pt\/#organization","name":"EC Clinic","url":"https:\/\/www.ecclinic.ie\/pt\/","logo":{"@type":"ImageObject","inLanguage":"pt-PT","@id":"https:\/\/www.ecclinic.ie\/pt\/#\/schema\/logo\/image\/","url":"https:\/\/www.ecclinic.ie\/wp-content\/uploads\/2024\/11\/EC_Logo4_multi_colours_proof-01.png","contentUrl":"https:\/\/www.ecclinic.ie\/wp-content\/uploads\/2024\/11\/EC_Logo4_multi_colours_proof-01.png","width":1368,"height":1368,"caption":"EC Clinic"},"image":{"@id":"https:\/\/www.ecclinic.ie\/pt\/#\/schema\/logo\/image\/"},"sameAs":["https:\/\/www.instagram.com\/dreliana.gyne","https:\/\/www.instagram.com\/ec.clinicie"]}]}},"_links":{"self":[{"href":"https:\/\/www.ecclinic.ie\/pt\/wp-json\/wp\/v2\/pages\/3","targetHints":{"allow":["GET"]}}],"collection":[{"href":"https:\/\/www.ecclinic.ie\/pt\/wp-json\/wp\/v2\/pages"}],"about":[{"href":"https:\/\/www.ecclinic.ie\/pt\/wp-json\/wp\/v2\/types\/page"}],"author":[{"embeddable":true,"href":"https:\/\/www.ecclinic.ie\/pt\/wp-json\/wp\/v2\/users\/2"}],"replies":[{"embeddable":true,"href":"https:\/\/www.ecclinic.ie\/pt\/wp-json\/wp\/v2\/comments?post=3"}],"version-history":[{"count":27,"href":"https:\/\/www.ecclinic.ie\/pt\/wp-json\/wp\/v2\/pages\/3\/revisions"}],"predecessor-version":[{"id":4532,"href":"https:\/\/www.ecclinic.ie\/pt\/wp-json\/wp\/v2\/pages\/3\/revisions\/4532"}],"wp:attachment":[{"href":"https:\/\/www.ecclinic.ie\/pt\/wp-json\/wp\/v2\/media?parent=3"}],"curies":[{"name":"wp","href":"https:\/\/api.w.org\/{rel}","templated":true}]}}