{"id":3795,"date":"2025-08-15T14:49:30","date_gmt":"2025-08-15T13:49:30","guid":{"rendered":"https:\/\/www.ecclinic.ie\/?page_id=3795"},"modified":"2025-08-22T15:41:31","modified_gmt":"2025-08-22T14:41:31","slug":"politica-de-cancelacion","status":"publish","type":"page","link":"https:\/\/www.ecclinic.ie\/es\/cancellation-policy\/","title":{"rendered":"Pol\u00edtica de Cancelaci\u00f3n"},"content":{"rendered":"<div data-elementor-type=\"wp-page\" data-elementor-id=\"3795\" class=\"elementor elementor-3795\" data-elementor-post-type=\"page\">\n\t\t\t\t<div class=\"elementor-element elementor-element-78f83f61 e-flex e-con-boxed e-con e-parent\" data-id=\"78f83f61\" data-element_type=\"container\" data-e-type=\"container\">\n\t\t\t\t\t<div class=\"e-con-inner\">\n\t\t\t\t<div class=\"elementor-element elementor-element-f3f83fa elementor-widget elementor-widget-heading\" data-id=\"f3f83fa\" data-element_type=\"widget\" data-e-type=\"widget\" data-widget_type=\"heading.default\">\n\t\t\t\t<div class=\"elementor-widget-container\">\n\t\t\t\t\t<h1 class=\"elementor-heading-title elementor-size-default\">Pol\u00edtica de Cancelaci\u00f3n<\/h1>\t\t\t\t<\/div>\n\t\t\t\t<\/div>\n\t\t\t\t<div class=\"elementor-element elementor-element-74425c56 elementor-widget elementor-widget-text-editor\" data-id=\"74425c56\" data-element_type=\"widget\" data-e-type=\"widget\" data-widget_type=\"text-editor.default\">\n\t\t\t\t<div class=\"elementor-widget-container\">\n\t\t\t\t\t\t\t\t\t\n<div><b>Hora de Llegada:<\/b>\u00a0Por favor, llegue 15 minutos antes de su cita programada. Este tiempo extra nos permite completar cualquier papeleo pendiente y responder a preguntas iniciales antes de comenzar su consulta.<br \/><br \/><\/div>\n<div><b>Pol\u00edtica de Llegada Tarde:<\/b> Por ello, respetar el tiempo de todos nuestros pacientes es una prioridad:<br \/><br \/>\n<ul>\n<li>Si llega tarde a su cita programada, lamentablemente no podremos llevar a cabo la consulta ese d\u00eda y tendr\u00e1 que volver a programarla.<\/li>\n<li>Tenga en cuenta que, en tales casos, el dep\u00f3sito abonado no ser\u00e1 reembolsable.<\/li>\n<\/ul>\n<\/div>\n<div>\u00a0<\/div>\n<div><b>Cambios, Cancelaciones o Citas Perdidas:<\/b>\u00a0En EC Clinic, nos esforzamos por brindar un servicio excepcional a todos nuestros pacientes. Entendemos la importancia de las citas puntuales y tratamos de acomodar las necesidades de todos de la mejor manera posible. Sin embargo, los cambios de \u00faltima hora o las citas perdidas pueden impedir que otros pacientes reciban atenci\u00f3n.<br \/><br \/><\/div>\n<div><b>Reprogramaci\u00f3n de Citas:<br \/><\/b>Los pacientes pueden cambiar su cita una vez, siempre que avisen con al menos 24 horas de antelaci\u00f3n. Cualquier cambio posterior tendr\u00e1 un coste de 100 \u20ac.<br \/><br \/><b>Cancellations:<br \/><\/b>Si necesita cancelar o reprogramar su cita, le solicitamos amablemente que lo haga con al menos 24 horas de anticipaci\u00f3n. Para cancelar una cita, env\u00ede un correo electr\u00f3nico a <strong><a href=\"mailto:appointments@ecclinic.ie\">appointments@ecclinic.ie<\/a><\/strong>\u00a0con su nombre completo, fecha de nacimiento, fecha y hora de la cita.<\/div>\n<ul>\n<li>\n<div>Las cancelaciones realizadas con menos de 24 horas de anticipaci\u00f3n o la no presentaci\u00f3n a la cita resultar\u00e1n en la p\u00e9rdida del dep\u00f3sito.<\/div>\n<\/li>\n<li>\n<div>Se cobrar\u00e1 una tarifa de cancelaci\u00f3n de 100 \u20ac por cancelaciones con menos de 24 horas de aviso. Cualquier saldo restante ser\u00e1 reembolsado al m\u00e9todo de pago original. El procesamiento de reembolsos puede demorar hasta 5 d\u00edas h\u00e1biles y podr\u00eda tardar hasta 10 d\u00edas en reflejarse, dependiendo de su banco.<br \/><br \/><\/div>\n<\/li>\n<\/ul>\n<div><b>Citas Perdidas:<\/b>\u00a0No asistir a una cita, llegar tarde o faltar a una cita sin previo aviso resultar\u00e1 en una tarifa de 100 \u20ac. Por favor, aseg\u00farese de llegar a tiempo y sin acompa\u00f1antes.<\/div>\n\t\t\t\t\t\t\t\t<\/div>\n\t\t\t\t<\/div>\n\t\t\t\t\t<\/div>\n\t\t\t\t<\/div>\n\t\t\t\t<\/div>","protected":false},"excerpt":{"rendered":"<p>Cancellation Policy Arrival Time:\u00a0Please arrive 15 minutes before your scheduled appointment. This extra time allows us to complete any pending paperwork and answer any initial questions before starting your consultation. Late Arrival Policy: Respecting the time of all our patients is a priority, therefore: If you arrive late for your scheduled appointment, unfortunately we will [&hellip;]<\/p>\n","protected":false},"author":1,"featured_media":0,"parent":0,"menu_order":0,"comment_status":"closed","ping_status":"closed","template":"","meta":{"_acf_changed":false,"footnotes":""},"class_list":["post-3795","page","type-page","status-publish","hentry"],"acf":[],"yoast_head":"<!-- This site is optimized with the Yoast SEO Premium plugin v25.8 (Yoast SEO v27.2) - https:\/\/yoast.com\/product\/yoast-seo-premium-wordpress\/ -->\n<title>Cancellation Policy - EC Clinic<\/title>\n<meta name=\"robots\" content=\"index, follow, max-snippet:-1, max-image-preview:large, max-video-preview:-1\" \/>\n<link rel=\"canonical\" href=\"https:\/\/www.ecclinic.ie\/es\/politica-de-cancelacion\/\" \/>\n<meta property=\"og:locale\" content=\"es_ES\" \/>\n<meta property=\"og:type\" content=\"article\" \/>\n<meta property=\"og:title\" content=\"Cancellation Policy\" \/>\n<meta property=\"og:description\" content=\"Cancellation Policy Arrival Time:\u00a0Please arrive 15 minutes before your scheduled appointment. This extra time allows us to complete any pending paperwork and answer any initial questions before starting your consultation. Late Arrival Policy: Respecting the time of all our patients is a priority, therefore: If you arrive late for your scheduled appointment, unfortunately we will [&hellip;]\" \/>\n<meta property=\"og:url\" content=\"https:\/\/www.ecclinic.ie\/es\/politica-de-cancelacion\/\" \/>\n<meta property=\"og:site_name\" content=\"EC Clinic\" \/>\n<meta property=\"article:modified_time\" content=\"2025-08-22T14:41:31+00:00\" \/>\n<meta name=\"twitter:card\" content=\"summary_large_image\" \/>\n<meta name=\"twitter:label1\" content=\"Tiempo de lectura\" \/>\n\t<meta name=\"twitter:data1\" content=\"2 minutos\" \/>\n<script type=\"application\/ld+json\" class=\"yoast-schema-graph\">{\"@context\":\"https:\/\/schema.org\",\"@graph\":[{\"@type\":\"WebPage\",\"@id\":\"https:\/\/www.ecclinic.ie\/cancellation-policy\/\",\"url\":\"https:\/\/www.ecclinic.ie\/cancellation-policy\/\",\"name\":\"Cancellation Policy - EC Clinic\",\"isPartOf\":{\"@id\":\"https:\/\/www.ecclinic.ie\/pt\/#website\"},\"datePublished\":\"2025-08-15T13:49:30+00:00\",\"dateModified\":\"2025-08-22T14:41:31+00:00\",\"breadcrumb\":{\"@id\":\"https:\/\/www.ecclinic.ie\/cancellation-policy\/#breadcrumb\"},\"inLanguage\":\"es\",\"potentialAction\":[{\"@type\":\"ReadAction\",\"target\":[\"https:\/\/www.ecclinic.ie\/cancellation-policy\/\"]}]},{\"@type\":\"BreadcrumbList\",\"@id\":\"https:\/\/www.ecclinic.ie\/cancellation-policy\/#breadcrumb\",\"itemListElement\":[{\"@type\":\"ListItem\",\"position\":1,\"name\":\"Home\",\"item\":\"https:\/\/www.ecclinic.ie\/\"},{\"@type\":\"ListItem\",\"position\":2,\"name\":\"Cancellation Policy\"}]},{\"@type\":\"WebSite\",\"@id\":\"https:\/\/www.ecclinic.ie\/pt\/#website\",\"url\":\"https:\/\/www.ecclinic.ie\/pt\/\",\"name\":\"EC Clinic\",\"description\":\"Gynaecology and Aesthetics\",\"publisher\":{\"@id\":\"https:\/\/www.ecclinic.ie\/pt\/#organization\"},\"potentialAction\":[{\"@type\":\"SearchAction\",\"target\":{\"@type\":\"EntryPoint\",\"urlTemplate\":\"https:\/\/www.ecclinic.ie\/pt\/?s={search_term_string}\"},\"query-input\":{\"@type\":\"PropertyValueSpecification\",\"valueRequired\":true,\"valueName\":\"search_term_string\"}}],\"inLanguage\":\"es\"},{\"@type\":\"Organization\",\"@id\":\"https:\/\/www.ecclinic.ie\/pt\/#organization\",\"name\":\"EC Clinic\",\"url\":\"https:\/\/www.ecclinic.ie\/pt\/\",\"logo\":{\"@type\":\"ImageObject\",\"inLanguage\":\"es\",\"@id\":\"https:\/\/www.ecclinic.ie\/pt\/#\/schema\/logo\/image\/\",\"url\":\"https:\/\/www.ecclinic.ie\/wp-content\/uploads\/2024\/11\/EC_Logo4_multi_colours_proof-01.png\",\"contentUrl\":\"https:\/\/www.ecclinic.ie\/wp-content\/uploads\/2024\/11\/EC_Logo4_multi_colours_proof-01.png\",\"width\":1368,\"height\":1368,\"caption\":\"EC Clinic\"},\"image\":{\"@id\":\"https:\/\/www.ecclinic.ie\/pt\/#\/schema\/logo\/image\/\"},\"sameAs\":[\"https:\/\/www.instagram.com\/dreliana.gyne\",\"https:\/\/www.instagram.com\/ec.clinicie\"]}]}<\/script>\n<!-- \/ Yoast SEO Premium plugin. -->","yoast_head_json":{"title":"Pol\u00edtica de cancelaci\u00f3n - EC Clinic","robots":{"index":"index","follow":"follow","max-snippet":"max-snippet:-1","max-image-preview":"max-image-preview:large","max-video-preview":"max-video-preview:-1"},"canonical":"https:\/\/www.ecclinic.ie\/es\/politica-de-cancelacion\/","og_locale":"es_ES","og_type":"article","og_title":"Cancellation Policy","og_description":"Cancellation Policy Arrival Time:\u00a0Please arrive 15 minutes before your scheduled appointment. This extra time allows us to complete any pending paperwork and answer any initial questions before starting your consultation. Late Arrival Policy: Respecting the time of all our patients is a priority, therefore: If you arrive late for your scheduled appointment, unfortunately we will [&hellip;]","og_url":"https:\/\/www.ecclinic.ie\/es\/politica-de-cancelacion\/","og_site_name":"EC Clinic","article_modified_time":"2025-08-22T14:41:31+00:00","twitter_card":"summary_large_image","twitter_misc":{"Tiempo de lectura":"2 minutos"},"schema":{"@context":"https:\/\/schema.org","@graph":[{"@type":"WebPage","@id":"https:\/\/www.ecclinic.ie\/cancellation-policy\/","url":"https:\/\/www.ecclinic.ie\/cancellation-policy\/","name":"Pol\u00edtica de cancelaci\u00f3n - EC Clinic","isPartOf":{"@id":"https:\/\/www.ecclinic.ie\/pt\/#website"},"datePublished":"2025-08-15T13:49:30+00:00","dateModified":"2025-08-22T14:41:31+00:00","breadcrumb":{"@id":"https:\/\/www.ecclinic.ie\/cancellation-policy\/#breadcrumb"},"inLanguage":"es","potentialAction":[{"@type":"ReadAction","target":["https:\/\/www.ecclinic.ie\/cancellation-policy\/"]}]},{"@type":"BreadcrumbList","@id":"https:\/\/www.ecclinic.ie\/cancellation-policy\/#breadcrumb","itemListElement":[{"@type":"ListItem","position":1,"name":"Home","item":"https:\/\/www.ecclinic.ie\/"},{"@type":"ListItem","position":2,"name":"Cancellation Policy"}]},{"@type":"WebSite","@id":"https:\/\/www.ecclinic.ie\/pt\/#website","url":"https:\/\/www.ecclinic.ie\/pt\/","name":"EC Clinic","description":"Ginecolog\u00eda y Est\u00e9tica","publisher":{"@id":"https:\/\/www.ecclinic.ie\/pt\/#organization"},"potentialAction":[{"@type":"SearchAction","target":{"@type":"EntryPoint","urlTemplate":"https:\/\/www.ecclinic.ie\/pt\/?s={search_term_string}"},"query-input":{"@type":"PropertyValueSpecification","valueRequired":true,"valueName":"search_term_string"}}],"inLanguage":"es"},{"@type":"Organization","@id":"https:\/\/www.ecclinic.ie\/pt\/#organization","name":"EC Clinic","url":"https:\/\/www.ecclinic.ie\/pt\/","logo":{"@type":"ImageObject","inLanguage":"es","@id":"https:\/\/www.ecclinic.ie\/pt\/#\/schema\/logo\/image\/","url":"https:\/\/www.ecclinic.ie\/wp-content\/uploads\/2024\/11\/EC_Logo4_multi_colours_proof-01.png","contentUrl":"https:\/\/www.ecclinic.ie\/wp-content\/uploads\/2024\/11\/EC_Logo4_multi_colours_proof-01.png","width":1368,"height":1368,"caption":"EC Clinic"},"image":{"@id":"https:\/\/www.ecclinic.ie\/pt\/#\/schema\/logo\/image\/"},"sameAs":["https:\/\/www.instagram.com\/dreliana.gyne","https:\/\/www.instagram.com\/ec.clinicie"]}]}},"_links":{"self":[{"href":"https:\/\/www.ecclinic.ie\/es\/wp-json\/wp\/v2\/pages\/3795","targetHints":{"allow":["GET"]}}],"collection":[{"href":"https:\/\/www.ecclinic.ie\/es\/wp-json\/wp\/v2\/pages"}],"about":[{"href":"https:\/\/www.ecclinic.ie\/es\/wp-json\/wp\/v2\/types\/page"}],"author":[{"embeddable":true,"href":"https:\/\/www.ecclinic.ie\/es\/wp-json\/wp\/v2\/users\/1"}],"replies":[{"embeddable":true,"href":"https:\/\/www.ecclinic.ie\/es\/wp-json\/wp\/v2\/comments?post=3795"}],"version-history":[{"count":7,"href":"https:\/\/www.ecclinic.ie\/es\/wp-json\/wp\/v2\/pages\/3795\/revisions"}],"predecessor-version":[{"id":3930,"href":"https:\/\/www.ecclinic.ie\/es\/wp-json\/wp\/v2\/pages\/3795\/revisions\/3930"}],"wp:attachment":[{"href":"https:\/\/www.ecclinic.ie\/es\/wp-json\/wp\/v2\/media?parent=3795"}],"curies":[{"name":"wp","href":"https:\/\/api.w.org\/{rel}","templated":true}]}}