{"id":3335,"date":"2025-08-07T10:47:06","date_gmt":"2025-08-07T09:47:06","guid":{"rendered":"https:\/\/www.ecclinic.ie\/?page_id=3335"},"modified":"2026-01-05T12:41:58","modified_gmt":"2026-01-05T12:41:58","slug":"servicios-de-ginecologia","status":"publish","type":"page","link":"https:\/\/www.ecclinic.ie\/es\/gynaecology-services\/","title":{"rendered":"Servicios de Ginecolog\u00eda"},"content":{"rendered":"<div data-elementor-type=\"wp-page\" data-elementor-id=\"3335\" class=\"elementor elementor-3335\" data-elementor-post-type=\"page\">\n\t\t\t\t<div class=\"elementor-element elementor-element-25a8cae7 e-flex e-con-boxed e-con e-parent\" data-id=\"25a8cae7\" data-element_type=\"container\" data-e-type=\"container\">\n\t\t\t\t\t<div class=\"e-con-inner\">\n\t\t<div class=\"elementor-element elementor-element-1163c694 e-con-full e-flex e-con e-child\" data-id=\"1163c694\" data-element_type=\"container\" data-e-type=\"container\">\n\t\t\t\t<div class=\"elementor-element elementor-element-37455a3 elementor-invisible elementor-widget elementor-widget-heading\" data-id=\"37455a3\" data-element_type=\"widget\" data-e-type=\"widget\" data-settings=\"{&quot;_animation&quot;:&quot;fadeIn&quot;}\" data-widget_type=\"heading.default\">\n\t\t\t\t<div class=\"elementor-widget-container\">\n\t\t\t\t\t<h1 class=\"elementor-heading-title elementor-size-default\">Servicios de Ginecolog\u00eda<\/h1>\t\t\t\t<\/div>\n\t\t\t\t<\/div>\n\t\t\t\t<div class=\"elementor-element elementor-element-3b43db54 elementor-widget__width-inherit elementor-widget-mobile__width-inherit elementor-widget-tablet__width-inherit elementor-invisible elementor-widget elementor-widget-heading\" data-id=\"3b43db54\" data-element_type=\"widget\" data-e-type=\"widget\" data-settings=\"{&quot;_animation&quot;:&quot;fadeIn&quot;,&quot;_animation_delay&quot;:400}\" data-widget_type=\"heading.default\">\n\t\t\t\t<div class=\"elementor-widget-container\">\n\t\t\t\t\t<h2 class=\"elementor-heading-title elementor-size-default\">EC Gynaecology ofrece una amplia gama de servicios especializados, adaptados a las necesidades espec\u00edficas de las mujeres en cada etapa de la vida.<br><br>\nDesde revisiones rutinarias hasta tratamientos avanzados en salud reproductiva, cuidados del suelo p\u00e9lvico y medicina est\u00e9tica, nuestra cl\u00ednica de Dubl\u00edn se dedica a proporcionar una atenci\u00f3n personalizada y compasiva en un entorno de apoyo.\n<br><br>\n<b>No se requiere carta de remisi\u00f3n.<\/b><\/h2>\t\t\t\t<\/div>\n\t\t\t\t<\/div>\n\t\t\t\t<div class=\"elementor-element elementor-element-d377d7a elementor-view-default elementor-widget elementor-widget-icon\" data-id=\"d377d7a\" data-element_type=\"widget\" data-e-type=\"widget\" data-widget_type=\"icon.default\">\n\t\t\t\t<div class=\"elementor-widget-container\">\n\t\t\t\t\t\t\t<div class=\"elementor-icon-wrapper\">\n\t\t\t<a class=\"elementor-icon elementor-animation-shrink\" href=\"#services\">\n\t\t\t<svg aria-hidden=\"true\" class=\"e-font-icon-svg e-fas-arrow-down\" viewbox=\"0 0 448 512\" xmlns=\"http:\/\/www.w3.org\/2000\/svg\"><path d=\"M413.1 222.5l22.2 22.2c9.4 9.4 9.4 24.6 0 33.9L241 473c-9.4 9.4-24.6 9.4-33.9 0L12.7 278.6c-9.4-9.4-9.4-24.6 0-33.9l22.2-22.2c9.5-9.5 25-9.3 34.3.4L184 343.4V56c0-13.3 10.7-24 24-24h32c13.3 0 24 10.7 24 24v287.4l114.8-120.5c9.3-9.8 24.8-10 34.3-.4z\"><\/path><\/svg>\t\t\t<\/a>\n\t\t<\/div>\n\t\t\t\t\t\t<\/div>\n\t\t\t\t<\/div>\n\t\t\t\t<\/div>\n\t\t\t\t\t<\/div>\n\t\t\t\t<\/div>\n\t\t<div class=\"elementor-element elementor-element-2790b6e2 e-flex e-con-boxed e-con e-parent\" data-id=\"2790b6e2\" data-element_type=\"container\" data-e-type=\"container\">\n\t\t\t\t\t<div class=\"e-con-inner\">\n\t\t<div class=\"elementor-element elementor-element-3fc9dc5d e-con-full e-flex e-con e-child\" data-id=\"3fc9dc5d\" data-element_type=\"container\" data-e-type=\"container\">\n\t\t<div class=\"elementor-element elementor-element-6ca8c18d e-con-full e-flex e-con e-child\" data-id=\"6ca8c18d\" data-element_type=\"container\" data-e-type=\"container\" id=\"services\">\n\t\t\t\t<div class=\"elementor-element elementor-element-721a657a elementor-widget elementor-widget-heading\" data-id=\"721a657a\" data-element_type=\"widget\" data-e-type=\"widget\" data-widget_type=\"heading.default\">\n\t\t\t\t<div class=\"elementor-widget-container\">\n\t\t\t\t\t<h2 class=\"elementor-heading-title elementor-size-default\">Servicios de Ginecolog\u00eda y Obstetricia<\/h2>\t\t\t\t<\/div>\n\t\t\t\t<\/div>\n\t\t\t\t<div class=\"elementor-element elementor-element-9e07511 elementor-widget__width-initial elementor-widget-tablet__width-initial elementor-widget-mobile__width-initial elementor-invisible elementor-widget elementor-widget-text-editor\" data-id=\"9e07511\" data-element_type=\"widget\" data-e-type=\"widget\" data-settings=\"{&quot;_animation&quot;:&quot;fadeIn&quot;,&quot;_animation_delay&quot;:400}\" data-widget_type=\"text-editor.default\">\n\t\t\t\t<div class=\"elementor-widget-container\">\n\t\t\t\t\t\t\t\t\t<p>Los servicios incluyen consultas generales, salud reproductiva, menopausia y consultas prenatales, revisiones cervicales y mucho m\u00e1s.<\/p>\t\t\t\t\t\t\t\t<\/div>\n\t\t\t\t<\/div>\n\t\t<div class=\"elementor-element elementor-element-24fa3681 e-con-full e-flex e-con e-child\" data-id=\"24fa3681\" data-element_type=\"container\" data-e-type=\"container\">\n\t\t\t\t<div class=\"elementor-element elementor-element-6d1be315 elementor-align-left elementor-mobile-align-center elementor-widget elementor-widget-button\" data-id=\"6d1be315\" data-element_type=\"widget\" data-e-type=\"widget\" data-widget_type=\"button.default\">\n\t\t\t\t<div class=\"elementor-widget-container\">\n\t\t\t\t\t\t\t\t\t<div class=\"elementor-button-wrapper\">\n\t\t\t\t\t<a class=\"elementor-button elementor-button-link elementor-size-sm elementor-animation-grow\" href=\"https:\/\/www.ecclinic.ie\/es\/servicios-de-ginecologia\/servicios-de-ginecologia-y-obstetricia-2\/\">\n\t\t\t\t\t\t<span class=\"elementor-button-content-wrapper\">\n\t\t\t\t\t\t\t\t\t<span class=\"elementor-button-text\">Explorar ahora &gt;<\/span>\n\t\t\t\t\t<\/span>\n\t\t\t\t\t<\/a>\n\t\t\t\t<\/div>\n\t\t\t\t\t\t\t\t<\/div>\n\t\t\t\t<\/div>\n\t\t\t\t<\/div>\n\t\t\t\t<\/div>\n\t\t<div class=\"elementor-element elementor-element-1f182014 e-con-full e-flex e-con e-child\" data-id=\"1f182014\" data-element_type=\"container\" data-e-type=\"container\" data-settings=\"{&quot;background_background&quot;:&quot;classic&quot;}\">\n\t\t\t\t<\/div>\n\t\t\t\t<\/div>\n\t\t<div class=\"elementor-element elementor-element-5f633398 e-con-full e-flex e-con e-child\" data-id=\"5f633398\" data-element_type=\"container\" data-e-type=\"container\">\n\t\t<div class=\"elementor-element elementor-element-329247fb e-con-full e-flex e-con e-child\" data-id=\"329247fb\" data-element_type=\"container\" data-e-type=\"container\" data-settings=\"{&quot;background_background&quot;:&quot;classic&quot;}\">\n\t\t\t\t<\/div>\n\t\t<div class=\"elementor-element elementor-element-28fb0ff4 e-con-full e-flex e-con e-child\" data-id=\"28fb0ff4\" data-element_type=\"container\" data-e-type=\"container\">\n\t\t\t\t<div class=\"elementor-element elementor-element-68749ddb elementor-widget elementor-widget-heading\" data-id=\"68749ddb\" data-element_type=\"widget\" data-e-type=\"widget\" data-widget_type=\"heading.default\">\n\t\t\t\t<div class=\"elementor-widget-container\">\n\t\t\t\t\t<h2 class=\"elementor-heading-title elementor-size-default\">Ginecolog\u00eda Regenerativa<\/h2>\t\t\t\t<\/div>\n\t\t\t\t<\/div>\n\t\t\t\t<div class=\"elementor-element elementor-element-e883e6c elementor-widget__width-initial elementor-widget-mobile__width-inherit elementor-widget-tablet__width-initial elementor-invisible elementor-widget elementor-widget-text-editor\" data-id=\"e883e6c\" data-element_type=\"widget\" data-e-type=\"widget\" data-settings=\"{&quot;_animation&quot;:&quot;fadeIn&quot;,&quot;_animation_delay&quot;:400}\" data-widget_type=\"text-editor.default\">\n\t\t\t\t<div class=\"elementor-widget-container\">\n\t\t\t\t\t\t\t\t\t<p>Los servicios incluyen tratamientos para la incontinencia urinaria, el liquen vulvar, la atrofia genital de la menopausia, la relajaci\u00f3n vaginal, las verrugas genitales y mucho m\u00e1s.<\/p>\t\t\t\t\t\t\t\t<\/div>\n\t\t\t\t<\/div>\n\t\t<div class=\"elementor-element elementor-element-124fd2f5 e-con-full e-flex e-con e-child\" data-id=\"124fd2f5\" data-element_type=\"container\" data-e-type=\"container\">\n\t\t\t\t<div class=\"elementor-element elementor-element-12617034 elementor-align-left elementor-mobile-align-center elementor-widget elementor-widget-button\" data-id=\"12617034\" data-element_type=\"widget\" data-e-type=\"widget\" data-widget_type=\"button.default\">\n\t\t\t\t<div class=\"elementor-widget-container\">\n\t\t\t\t\t\t\t\t\t<div class=\"elementor-button-wrapper\">\n\t\t\t\t\t<a class=\"elementor-button elementor-button-link elementor-size-sm elementor-animation-grow\" href=\"https:\/\/www.ecclinic.ie\/es\/servicios-de-ginecologia\/servicios-de-ginecologia-regenerativa\/\">\n\t\t\t\t\t\t<span class=\"elementor-button-content-wrapper\">\n\t\t\t\t\t\t\t\t\t<span class=\"elementor-button-text\">Explorar ahora &gt;<\/span>\n\t\t\t\t\t<\/span>\n\t\t\t\t\t<\/a>\n\t\t\t\t<\/div>\n\t\t\t\t\t\t\t\t<\/div>\n\t\t\t\t<\/div>\n\t\t\t\t<\/div>\n\t\t\t\t<\/div>\n\t\t\t\t<\/div>\n\t\t<div class=\"elementor-element elementor-element-b1e5796 e-con-full e-flex e-con e-child\" data-id=\"b1e5796\" data-element_type=\"container\" data-e-type=\"container\">\n\t\t<div class=\"elementor-element elementor-element-0dbcd48 e-con-full e-flex e-con e-child\" data-id=\"0dbcd48\" data-element_type=\"container\" data-e-type=\"container\">\n\t\t\t\t<div class=\"elementor-element elementor-element-8eebc06 elementor-widget elementor-widget-heading\" data-id=\"8eebc06\" data-element_type=\"widget\" data-e-type=\"widget\" data-widget_type=\"heading.default\">\n\t\t\t\t<div class=\"elementor-widget-container\">\n\t\t\t\t\t<h2 class=\"elementor-heading-title elementor-size-default\">Servicios de Ginecolog\u00eda Est\u00e9tica<\/h2>\t\t\t\t<\/div>\n\t\t\t\t<\/div>\n\t\t\t\t<div class=\"elementor-element elementor-element-707697e elementor-widget__width-initial elementor-widget-mobile__width-inherit elementor-widget-tablet__width-initial elementor-invisible elementor-widget elementor-widget-text-editor\" data-id=\"707697e\" data-element_type=\"widget\" data-e-type=\"widget\" data-settings=\"{&quot;_animation&quot;:&quot;fadeIn&quot;,&quot;_animation_delay&quot;:400}\" data-widget_type=\"text-editor.default\">\n\t\t\t\t<div class=\"elementor-widget-container\">\n\t\t\t\t\t\t\t\t\t<p>Los servicios incluyen blanqueamiento \u00edntimo, elevaci\u00f3n de labios mayores con relleno, tratamiento del vaginismo y mucho m\u00e1s.<\/p>\t\t\t\t\t\t\t\t<\/div>\n\t\t\t\t<\/div>\n\t\t<div class=\"elementor-element elementor-element-4930bf6 e-con-full e-flex e-con e-child\" data-id=\"4930bf6\" data-element_type=\"container\" data-e-type=\"container\">\n\t\t\t\t<div class=\"elementor-element elementor-element-42ca38f elementor-align-left elementor-mobile-align-center elementor-widget elementor-widget-button\" data-id=\"42ca38f\" data-element_type=\"widget\" data-e-type=\"widget\" data-widget_type=\"button.default\">\n\t\t\t\t<div class=\"elementor-widget-container\">\n\t\t\t\t\t\t\t\t\t<div class=\"elementor-button-wrapper\">\n\t\t\t\t\t<a class=\"elementor-button elementor-button-link elementor-size-sm elementor-animation-grow\" href=\"https:\/\/www.ecclinic.ie\/es\/servicios-de-ginecologia\/servicios-de-ginecologia-estetica\/\">\n\t\t\t\t\t\t<span class=\"elementor-button-content-wrapper\">\n\t\t\t\t\t\t\t\t\t<span class=\"elementor-button-text\">Explorar ahora &gt;<\/span>\n\t\t\t\t\t<\/span>\n\t\t\t\t\t<\/a>\n\t\t\t\t<\/div>\n\t\t\t\t\t\t\t\t<\/div>\n\t\t\t\t<\/div>\n\t\t\t\t<\/div>\n\t\t\t\t<\/div>\n\t\t<div class=\"elementor-element elementor-element-b092c37 e-con-full e-flex e-con e-child\" data-id=\"b092c37\" data-element_type=\"container\" data-e-type=\"container\" data-settings=\"{&quot;background_background&quot;:&quot;classic&quot;}\">\n\t\t\t\t<\/div>\n\t\t\t\t<\/div>\n\t\t\t\t\t<\/div>\n\t\t\t\t<\/div>\n\t\t\t\t<\/div>","protected":false},"excerpt":{"rendered":"<p>Gynaecology Services EC Gynaecology offers an extensive range of expert services, tailored to meet the unique needs of women at every stage of life. From routine check-ups to advanced treatments in reproductive health, pelvic floor care, and aesthetic medicine, our Dublin clinic is dedicated to providing personalised, compassionate care in a supportive environment. No referral [&hellip;]<\/p>\n","protected":false},"author":1,"featured_media":0,"parent":0,"menu_order":0,"comment_status":"closed","ping_status":"closed","template":"elementor_header_footer","meta":{"_acf_changed":false,"footnotes":""},"class_list":["post-3335","page","type-page","status-publish","hentry"],"acf":[],"yoast_head":"<!-- This site is optimized with the Yoast SEO Premium plugin v25.8 (Yoast SEO v27.2) - https:\/\/yoast.com\/product\/yoast-seo-premium-wordpress\/ -->\n<title>Gynaecology Services - EC Clinic<\/title>\n<meta name=\"robots\" content=\"index, follow, max-snippet:-1, max-image-preview:large, max-video-preview:-1\" \/>\n<link rel=\"canonical\" href=\"https:\/\/www.ecclinic.ie\/es\/servicios-de-ginecologia\/\" \/>\n<meta property=\"og:locale\" content=\"es_ES\" \/>\n<meta property=\"og:type\" content=\"article\" \/>\n<meta property=\"og:title\" content=\"Gynaecology Services\" \/>\n<meta property=\"og:description\" content=\"Gynaecology Services EC Gynaecology offers an extensive range of expert services, tailored to meet the unique needs of women at every stage of life. From routine check-ups to advanced treatments in reproductive health, pelvic floor care, and aesthetic medicine, our Dublin clinic is dedicated to providing personalised, compassionate care in a supportive environment. No referral [&hellip;]\" \/>\n<meta property=\"og:url\" content=\"https:\/\/www.ecclinic.ie\/es\/servicios-de-ginecologia\/\" \/>\n<meta property=\"og:site_name\" content=\"EC Clinic\" \/>\n<meta property=\"article:modified_time\" content=\"2026-01-05T12:41:58+00:00\" \/>\n<meta name=\"twitter:card\" content=\"summary_large_image\" \/>\n<meta name=\"twitter:label1\" content=\"Tiempo de lectura\" \/>\n\t<meta name=\"twitter:data1\" content=\"1 minuto\" \/>\n<script type=\"application\/ld+json\" class=\"yoast-schema-graph\">{\"@context\":\"https:\/\/schema.org\",\"@graph\":[{\"@type\":\"WebPage\",\"@id\":\"https:\/\/www.ecclinic.ie\/gynaecology-services\/\",\"url\":\"https:\/\/www.ecclinic.ie\/gynaecology-services\/\",\"name\":\"Gynaecology Services - EC Clinic\",\"isPartOf\":{\"@id\":\"https:\/\/www.ecclinic.ie\/pt\/#website\"},\"datePublished\":\"2025-08-07T09:47:06+00:00\",\"dateModified\":\"2026-01-05T12:41:58+00:00\",\"breadcrumb\":{\"@id\":\"https:\/\/www.ecclinic.ie\/gynaecology-services\/#breadcrumb\"},\"inLanguage\":\"es\",\"potentialAction\":[{\"@type\":\"ReadAction\",\"target\":[\"https:\/\/www.ecclinic.ie\/gynaecology-services\/\"]}]},{\"@type\":\"BreadcrumbList\",\"@id\":\"https:\/\/www.ecclinic.ie\/gynaecology-services\/#breadcrumb\",\"itemListElement\":[{\"@type\":\"ListItem\",\"position\":1,\"name\":\"Home\",\"item\":\"https:\/\/www.ecclinic.ie\/\"},{\"@type\":\"ListItem\",\"position\":2,\"name\":\"Gynaecology Services\"}]},{\"@type\":\"WebSite\",\"@id\":\"https:\/\/www.ecclinic.ie\/pt\/#website\",\"url\":\"https:\/\/www.ecclinic.ie\/pt\/\",\"name\":\"EC Clinic\",\"description\":\"Gynaecology and Aesthetics\",\"publisher\":{\"@id\":\"https:\/\/www.ecclinic.ie\/pt\/#organization\"},\"potentialAction\":[{\"@type\":\"SearchAction\",\"target\":{\"@type\":\"EntryPoint\",\"urlTemplate\":\"https:\/\/www.ecclinic.ie\/pt\/?s={search_term_string}\"},\"query-input\":{\"@type\":\"PropertyValueSpecification\",\"valueRequired\":true,\"valueName\":\"search_term_string\"}}],\"inLanguage\":\"es\"},{\"@type\":\"Organization\",\"@id\":\"https:\/\/www.ecclinic.ie\/pt\/#organization\",\"name\":\"EC Clinic\",\"url\":\"https:\/\/www.ecclinic.ie\/pt\/\",\"logo\":{\"@type\":\"ImageObject\",\"inLanguage\":\"es\",\"@id\":\"https:\/\/www.ecclinic.ie\/pt\/#\/schema\/logo\/image\/\",\"url\":\"https:\/\/www.ecclinic.ie\/wp-content\/uploads\/2024\/11\/EC_Logo4_multi_colours_proof-01.png\",\"contentUrl\":\"https:\/\/www.ecclinic.ie\/wp-content\/uploads\/2024\/11\/EC_Logo4_multi_colours_proof-01.png\",\"width\":1368,\"height\":1368,\"caption\":\"EC Clinic\"},\"image\":{\"@id\":\"https:\/\/www.ecclinic.ie\/pt\/#\/schema\/logo\/image\/\"},\"sameAs\":[\"https:\/\/www.instagram.com\/dreliana.gyne\",\"https:\/\/www.instagram.com\/ec.clinicie\"]}]}<\/script>\n<!-- \/ Yoast SEO Premium plugin. -->","yoast_head_json":{"title":"Servicios de Ginecolog\u00eda - EC Clinic","robots":{"index":"index","follow":"follow","max-snippet":"max-snippet:-1","max-image-preview":"max-image-preview:large","max-video-preview":"max-video-preview:-1"},"canonical":"https:\/\/www.ecclinic.ie\/es\/servicios-de-ginecologia\/","og_locale":"es_ES","og_type":"article","og_title":"Gynaecology Services","og_description":"Gynaecology Services EC Gynaecology offers an extensive range of expert services, tailored to meet the unique needs of women at every stage of life. From routine check-ups to advanced treatments in reproductive health, pelvic floor care, and aesthetic medicine, our Dublin clinic is dedicated to providing personalised, compassionate care in a supportive environment. No referral [&hellip;]","og_url":"https:\/\/www.ecclinic.ie\/es\/servicios-de-ginecologia\/","og_site_name":"EC Clinic","article_modified_time":"2026-01-05T12:41:58+00:00","twitter_card":"summary_large_image","twitter_misc":{"Tiempo de lectura":"1 minuto"},"schema":{"@context":"https:\/\/schema.org","@graph":[{"@type":"WebPage","@id":"https:\/\/www.ecclinic.ie\/gynaecology-services\/","url":"https:\/\/www.ecclinic.ie\/gynaecology-services\/","name":"Servicios de Ginecolog\u00eda - EC Clinic","isPartOf":{"@id":"https:\/\/www.ecclinic.ie\/pt\/#website"},"datePublished":"2025-08-07T09:47:06+00:00","dateModified":"2026-01-05T12:41:58+00:00","breadcrumb":{"@id":"https:\/\/www.ecclinic.ie\/gynaecology-services\/#breadcrumb"},"inLanguage":"es","potentialAction":[{"@type":"ReadAction","target":["https:\/\/www.ecclinic.ie\/gynaecology-services\/"]}]},{"@type":"BreadcrumbList","@id":"https:\/\/www.ecclinic.ie\/gynaecology-services\/#breadcrumb","itemListElement":[{"@type":"ListItem","position":1,"name":"Home","item":"https:\/\/www.ecclinic.ie\/"},{"@type":"ListItem","position":2,"name":"Gynaecology Services"}]},{"@type":"WebSite","@id":"https:\/\/www.ecclinic.ie\/pt\/#website","url":"https:\/\/www.ecclinic.ie\/pt\/","name":"EC Clinic","description":"Ginecolog\u00eda y Est\u00e9tica","publisher":{"@id":"https:\/\/www.ecclinic.ie\/pt\/#organization"},"potentialAction":[{"@type":"SearchAction","target":{"@type":"EntryPoint","urlTemplate":"https:\/\/www.ecclinic.ie\/pt\/?s={search_term_string}"},"query-input":{"@type":"PropertyValueSpecification","valueRequired":true,"valueName":"search_term_string"}}],"inLanguage":"es"},{"@type":"Organization","@id":"https:\/\/www.ecclinic.ie\/pt\/#organization","name":"EC Clinic","url":"https:\/\/www.ecclinic.ie\/pt\/","logo":{"@type":"ImageObject","inLanguage":"es","@id":"https:\/\/www.ecclinic.ie\/pt\/#\/schema\/logo\/image\/","url":"https:\/\/www.ecclinic.ie\/wp-content\/uploads\/2024\/11\/EC_Logo4_multi_colours_proof-01.png","contentUrl":"https:\/\/www.ecclinic.ie\/wp-content\/uploads\/2024\/11\/EC_Logo4_multi_colours_proof-01.png","width":1368,"height":1368,"caption":"EC Clinic"},"image":{"@id":"https:\/\/www.ecclinic.ie\/pt\/#\/schema\/logo\/image\/"},"sameAs":["https:\/\/www.instagram.com\/dreliana.gyne","https:\/\/www.instagram.com\/ec.clinicie"]}]}},"_links":{"self":[{"href":"https:\/\/www.ecclinic.ie\/es\/wp-json\/wp\/v2\/pages\/3335","targetHints":{"allow":["GET"]}}],"collection":[{"href":"https:\/\/www.ecclinic.ie\/es\/wp-json\/wp\/v2\/pages"}],"about":[{"href":"https:\/\/www.ecclinic.ie\/es\/wp-json\/wp\/v2\/types\/page"}],"author":[{"embeddable":true,"href":"https:\/\/www.ecclinic.ie\/es\/wp-json\/wp\/v2\/users\/1"}],"replies":[{"embeddable":true,"href":"https:\/\/www.ecclinic.ie\/es\/wp-json\/wp\/v2\/comments?post=3335"}],"version-history":[{"count":16,"href":"https:\/\/www.ecclinic.ie\/es\/wp-json\/wp\/v2\/pages\/3335\/revisions"}],"predecessor-version":[{"id":4478,"href":"https:\/\/www.ecclinic.ie\/es\/wp-json\/wp\/v2\/pages\/3335\/revisions\/4478"}],"wp:attachment":[{"href":"https:\/\/www.ecclinic.ie\/es\/wp-json\/wp\/v2\/media?parent=3335"}],"curies":[{"name":"wp","href":"https:\/\/api.w.org\/{rel}","templated":true}]}}