{"id":3,"date":"2024-11-18T20:32:39","date_gmt":"2024-11-18T20:32:39","guid":{"rendered":"http:\/\/127.0.0.1\/?page_id=3"},"modified":"2026-01-08T13:13:33","modified_gmt":"2026-01-08T13:13:33","slug":"politica-de-privacidad","status":"publish","type":"page","link":"https:\/\/www.ecclinic.ie\/es\/privacy-policy\/","title":{"rendered":"Pol\u00edtica de Privacidad"},"content":{"rendered":"<div data-elementor-type=\"wp-page\" data-elementor-id=\"3\" class=\"elementor elementor-3\" data-elementor-post-type=\"page\">\n\t\t\t\t<div class=\"elementor-element elementor-element-78f83f61 e-flex e-con-boxed e-con e-parent\" data-id=\"78f83f61\" data-element_type=\"container\" data-e-type=\"container\">\n\t\t\t\t\t<div class=\"e-con-inner\">\n\t\t\t\t<div class=\"elementor-element elementor-element-795dffe elementor-widget elementor-widget-heading\" data-id=\"795dffe\" data-element_type=\"widget\" data-e-type=\"widget\" data-widget_type=\"heading.default\">\n\t\t\t\t<div class=\"elementor-widget-container\">\n\t\t\t\t\t<h1 class=\"elementor-heading-title elementor-size-default\">Pol\u00edtica de Privacidad<\/h1>\t\t\t\t<\/div>\n\t\t\t\t<\/div>\n\t\t\t\t<div class=\"elementor-element elementor-element-74425c56 elementor-widget elementor-widget-text-editor\" data-id=\"74425c56\" data-element_type=\"widget\" data-e-type=\"widget\" data-widget_type=\"text-editor.default\">\n\t\t\t\t<div class=\"elementor-widget-container\">\n\t\t\t\t\t\t\t\t\t\n<p>\u00daltima actualizaci\u00f3n 08-Ene-2025<br \/>Fecha de entrada en vigor 16-dic-2024<\/p>\n\n<p>La presente Pol\u00edtica de Privacidad describe la pol\u00edtica de EC Clinic Limited, EC Clinic Limited, Unit E, Trinity Central 152-160 Pearse St, Dublin, Ireland, D02 Y8N7; email: info@ecclinic.ie, phone: 01 912 5590 sobre la recopilaci\u00f3n, uso y divulgaci\u00f3n de la informaci\u00f3n que recopilamos cuando usted utiliza nuestro sitio web ( https:\/\/www.ecclinic.ie ). (el \"Servicio\"). Al acceder o utilizar el Servicio, usted consiente la recopilaci\u00f3n, uso y divulgaci\u00f3n de su informaci\u00f3n de conformidad con la presente Pol\u00edtica de Privacidad. Si no da su consentimiento, le rogamos que no acceda al Servicio ni lo utilice.<\/p>\n\n<p><br \/>Podemos modificar esta Pol\u00edtica de Privacidad en cualquier momento sin previo aviso y publicaremos la Pol\u00edtica de Privacidad revisada en el Servicio. La Pol\u00edtica revisada entrar\u00e1 en vigor a los 180 d\u00edas de su publicaci\u00f3n en el Servicio y su acceso o uso continuado del Servicio despu\u00e9s de dicho plazo constituir\u00e1 su aceptaci\u00f3n de la Pol\u00edtica de Privacidad revisada. Por lo tanto, le recomendamos que revise peri\u00f3dicamente esta p\u00e1gina.<\/p>\n\n<p><strong>Informaci\u00f3n que recopilamos:<\/strong><br \/>Recopilaremos y procesaremos la siguiente informaci\u00f3n personal sobre usted:<\/p>\n\n<p>Nombre<br \/>Direcci\u00f3n de correo electr\u00f3nico<br \/>N\u00famero de tel\u00e9fono<br \/>Pa\u00eds de residencia<br \/>Fecha de nacimiento<br \/>Direcci\u00f3n<br \/>N\u00famero PPS<\/p>\n\n<p><strong>C\u00f3mo recopilamos su informaci\u00f3n:<\/strong><br \/>Recogemos\/recibimos informaci\u00f3n sobre usted de la siguiente manera:<\/p>\n\n<p>Cuando un usuario rellena el formulario de registro o env\u00eda informaci\u00f3n personal de otro modo<br \/>Interact\u00faa con el sitio web<br \/>De fuentes p\u00fablicas<\/p>\n\n<p><strong>C\u00f3mo utilizamos su informaci\u00f3n:<\/strong><br \/>Utilizaremos la informaci\u00f3n que recopilemos sobre usted para los siguientes fines:<\/p>\n\n<p>Marketing\/Promoci\u00f3n<br \/>Procesar el pago<br \/>Ayuda<br \/>Informaci\u00f3n administrativa<br \/>Gestionar los pedidos de los clientes<\/p>\n\n<p><br \/>Si queremos utilizar su informaci\u00f3n para cualquier otro fin, le pediremos su consentimiento y utilizaremos su informaci\u00f3n s\u00f3lo cuando recibamos su consentimiento y, en ese caso, s\u00f3lo para el fin o fines para los que otorgamos el consentimiento, a menos que la ley nos obligue a hacer otra cosa.<\/p>\n\n<p><strong>C\u00f3mo compartimos su informaci\u00f3n:<\/strong><br \/>No transferiremos su informaci\u00f3n personal a ning\u00fan tercero sin solicitar su consentimiento, excepto en las circunstancias limitadas que se describen a continuaci\u00f3n:<\/p>\n\n<p><strong>Anal\u00edtica<\/strong><br \/>Exigimos a dichos terceros que utilicen la informaci\u00f3n personal que les transferimos \u00fanicamente para el fin para el que fue transferida y que no la conserven durante m\u00e1s tiempo del necesario para cumplir dicho fin.<br \/>Tambi\u00e9n podemos revelar su informaci\u00f3n personal para lo siguiente: (1) para cumplir con la legislaci\u00f3n aplicable, reglamentos, \u00f3rdenes judiciales u otros procesos legales; (2) para hacer cumplir sus acuerdos con nosotros, incluyendo esta Pol\u00edtica de Privacidad; o (3) para responder a reclamaciones de que su uso del Servicio viola cualquier derecho de terceros. Si el Servicio o nuestra empresa se fusionan o adquieren con otra empresa, su informaci\u00f3n ser\u00e1 uno de los activos que se transfieran al nuevo propietario.<\/p>\n\n<p><strong>Conservaci\u00f3n de su informaci\u00f3n:<\/strong><br \/>Conservaremos su informaci\u00f3n personal entre 90 d\u00edas y 2 a\u00f1os despu\u00e9s de que los usuarios cancelen sus cuentas o mientras la necesitemos para cumplir los fines para los que fue recopilada, tal y como se detalla en esta Pol\u00edtica de privacidad. Es posible que necesitemos conservar determinada informaci\u00f3n durante per\u00edodos m\u00e1s largos, como el mantenimiento de registros o la elaboraci\u00f3n de informes de conformidad con la legislaci\u00f3n aplicable, o por otros motivos leg\u00edtimos, como el ejercicio de derechos legales, la prevenci\u00f3n del fraude, etc. La informaci\u00f3n an\u00f3nima residual y la informaci\u00f3n agregada, ninguna de las cuales le identifica (directa o indirectamente), pueden almacenarse indefinidamente.<\/p>\n\n<p><strong>Sus derechos:<\/strong><br \/>En funci\u00f3n de la legislaci\u00f3n aplicable, usted puede tener derecho a acceder a sus datos personales y rectificarlos o borrarlos o recibir una copia de los mismos, limitar el tratamiento activo de sus datos u oponerse a \u00e9l, solicitarnos que compartamos (portemos) su informaci\u00f3n personal a otra entidad, retirar cualquier consentimiento que nos haya dado para el tratamiento de sus datos, derecho a presentar una reclamaci\u00f3n ante una autoridad legal y otros derechos que puedan corresponderle en virtud de la legislaci\u00f3n aplicable. Para ejercer estos derechos, puede escribirnos a info@ecclinic.ie. Responderemos a su solicitud de conformidad con la legislaci\u00f3n aplicable.<br \/>Puede darse de baja de las comunicaciones de marketing directo o de la elaboraci\u00f3n de perfiles que llevamos a cabo con fines de marketing escribi\u00e9ndonos a info@ecclinic.ie.<br \/>Tenga en cuenta que si no nos permite recopilar o procesar la informaci\u00f3n personal requerida o retira el consentimiento para procesar la misma para los fines requeridos, es posible que no pueda acceder o utilizar los servicios para los que se solicit\u00f3 su informaci\u00f3n.<\/p>\n\n<p><strong>Cookies Etc.<\/strong><br \/>Para obtener m\u00e1s informaci\u00f3n sobre c\u00f3mo las utilizamos y sus opciones en relaci\u00f3n con estas tecnolog\u00edas de seguimiento, consulte nuestra Pol\u00edtica de cookies.<\/p>\n\n<p><strong>Seguridad:<\/strong><br \/>La seguridad de su informaci\u00f3n es importante para nosotros y utilizaremos medidas de seguridad razonables para evitar la p\u00e9rdida, el uso indebido o la alteraci\u00f3n no autorizada de su informaci\u00f3n bajo nuestro control. Sin embargo, dados los riesgos inherentes, no podemos garantizar una seguridad absoluta y, en consecuencia, no podemos asegurar o garantizar la seguridad de cualquier informaci\u00f3n que nos transmita y usted lo hace bajo su propio riesgo.<\/p>\n\n<p><strong>Enlaces de terceros y uso de su informaci\u00f3n:<\/strong><br \/>Nuestro Servicio puede contener enlaces a otros sitios web no gestionados por nosotros. Esta Pol\u00edtica de Privacidad no se refiere a la pol\u00edtica de privacidad y otras pr\u00e1cticas de terceros, incluyendo cualquier tercero que opere cualquier sitio web o servicio que pueda ser accesible a trav\u00e9s de un enlace en el Servicio. Le recomendamos encarecidamente que revise la pol\u00edtica de privacidad de cada sitio que visite. No tenemos ning\u00fan control ni asumimos ninguna responsabilidad por el contenido, las pol\u00edticas de privacidad o las pr\u00e1cticas de los sitios o servicios de terceros.<\/p>\n\n<p><strong>Responsable de quejas y protecci\u00f3n de datos:<\/strong><br \/>Si tiene alguna pregunta o duda sobre el tratamiento de la informaci\u00f3n que tenemos sobre usted, puede enviar un correo electr\u00f3nico a nuestro responsable de quejas a EC Clinic Limited, EC Clinic Limited, Unit E, Trinity Central 152-160 Pearse St, Dubl\u00edn, Irlanda, D02 Y8N7; correo electr\u00f3nico: info@ecclinic.ie. Atenderemos sus reclamaciones de conformidad con la legislaci\u00f3n aplicable.<\/p>\n\t\t\t\t\t\t\t\t<\/div>\n\t\t\t\t<\/div>\n\t\t\t\t\t<\/div>\n\t\t\t\t<\/div>\n\t\t\t\t<\/div>","protected":false},"excerpt":{"rendered":"<p>Privacy Policy Last Updated On 08-Jan-2025Effective Date 16-Dec-2024 This Privacy Policy describes the policies of EC Clinic Limited, EC Clinic Limited, Unit E, Trinity Central 152-160 Pearse St, Dublin, Ireland, D02 Y8N7; email: info@ecclinic.ie, phone: 01 912 5590 on the collection, use and disclosure of your information that we collect when you use our website [&hellip;]<\/p>\n","protected":false},"author":2,"featured_media":0,"parent":0,"menu_order":0,"comment_status":"closed","ping_status":"open","template":"","meta":{"_acf_changed":false,"footnotes":""},"class_list":["post-3","page","type-page","status-publish","hentry"],"acf":[],"yoast_head":"<!-- This site is optimized with the Yoast SEO Premium plugin v25.8 (Yoast SEO v27.2) - https:\/\/yoast.com\/product\/yoast-seo-premium-wordpress\/ -->\n<title>Privacy Policy - EC Clinic<\/title>\n<meta name=\"robots\" content=\"index, follow, max-snippet:-1, max-image-preview:large, max-video-preview:-1\" \/>\n<link rel=\"canonical\" href=\"https:\/\/www.ecclinic.ie\/es\/politica-de-privacidad\/\" \/>\n<meta property=\"og:locale\" content=\"es_ES\" \/>\n<meta property=\"og:type\" content=\"article\" \/>\n<meta property=\"og:title\" content=\"Privacy Policy\" \/>\n<meta property=\"og:description\" content=\"Privacy Policy Last Updated On 08-Jan-2025Effective Date 16-Dec-2024 This Privacy Policy describes the policies of EC Clinic Limited, EC Clinic Limited, Unit E, Trinity Central 152-160 Pearse St, Dublin, Ireland, D02 Y8N7; email: info@ecclinic.ie, phone: 01 912 5590 on the collection, use and disclosure of your information that we collect when you use our website [&hellip;]\" \/>\n<meta property=\"og:url\" content=\"https:\/\/www.ecclinic.ie\/es\/politica-de-privacidad\/\" \/>\n<meta property=\"og:site_name\" content=\"EC Clinic\" \/>\n<meta property=\"article:modified_time\" content=\"2026-01-08T13:13:33+00:00\" \/>\n<meta name=\"twitter:card\" content=\"summary_large_image\" \/>\n<meta name=\"twitter:label1\" content=\"Tiempo de lectura\" \/>\n\t<meta name=\"twitter:data1\" content=\"5 minutos\" \/>\n<script type=\"application\/ld+json\" class=\"yoast-schema-graph\">{\"@context\":\"https:\/\/schema.org\",\"@graph\":[{\"@type\":\"WebPage\",\"@id\":\"https:\/\/www.ecclinic.ie\/privacy-policy\/\",\"url\":\"https:\/\/www.ecclinic.ie\/privacy-policy\/\",\"name\":\"Privacy Policy - EC Clinic\",\"isPartOf\":{\"@id\":\"https:\/\/www.ecclinic.ie\/pt\/#website\"},\"datePublished\":\"2024-11-18T20:32:39+00:00\",\"dateModified\":\"2026-01-08T13:13:33+00:00\",\"breadcrumb\":{\"@id\":\"https:\/\/www.ecclinic.ie\/privacy-policy\/#breadcrumb\"},\"inLanguage\":\"es\",\"potentialAction\":[{\"@type\":\"ReadAction\",\"target\":[\"https:\/\/www.ecclinic.ie\/privacy-policy\/\"]}]},{\"@type\":\"BreadcrumbList\",\"@id\":\"https:\/\/www.ecclinic.ie\/privacy-policy\/#breadcrumb\",\"itemListElement\":[{\"@type\":\"ListItem\",\"position\":1,\"name\":\"Home\",\"item\":\"https:\/\/www.ecclinic.ie\/\"},{\"@type\":\"ListItem\",\"position\":2,\"name\":\"Privacy Policy\"}]},{\"@type\":\"WebSite\",\"@id\":\"https:\/\/www.ecclinic.ie\/pt\/#website\",\"url\":\"https:\/\/www.ecclinic.ie\/pt\/\",\"name\":\"EC Clinic\",\"description\":\"Gynaecology and Aesthetics\",\"publisher\":{\"@id\":\"https:\/\/www.ecclinic.ie\/pt\/#organization\"},\"potentialAction\":[{\"@type\":\"SearchAction\",\"target\":{\"@type\":\"EntryPoint\",\"urlTemplate\":\"https:\/\/www.ecclinic.ie\/pt\/?s={search_term_string}\"},\"query-input\":{\"@type\":\"PropertyValueSpecification\",\"valueRequired\":true,\"valueName\":\"search_term_string\"}}],\"inLanguage\":\"es\"},{\"@type\":\"Organization\",\"@id\":\"https:\/\/www.ecclinic.ie\/pt\/#organization\",\"name\":\"EC Clinic\",\"url\":\"https:\/\/www.ecclinic.ie\/pt\/\",\"logo\":{\"@type\":\"ImageObject\",\"inLanguage\":\"es\",\"@id\":\"https:\/\/www.ecclinic.ie\/pt\/#\/schema\/logo\/image\/\",\"url\":\"https:\/\/www.ecclinic.ie\/wp-content\/uploads\/2024\/11\/EC_Logo4_multi_colours_proof-01.png\",\"contentUrl\":\"https:\/\/www.ecclinic.ie\/wp-content\/uploads\/2024\/11\/EC_Logo4_multi_colours_proof-01.png\",\"width\":1368,\"height\":1368,\"caption\":\"EC Clinic\"},\"image\":{\"@id\":\"https:\/\/www.ecclinic.ie\/pt\/#\/schema\/logo\/image\/\"},\"sameAs\":[\"https:\/\/www.instagram.com\/dreliana.gyne\",\"https:\/\/www.instagram.com\/ec.clinicie\"]}]}<\/script>\n<!-- \/ Yoast SEO Premium plugin. -->","yoast_head_json":{"title":"Pol\u00edtica de privacidad - EC Clinic","robots":{"index":"index","follow":"follow","max-snippet":"max-snippet:-1","max-image-preview":"max-image-preview:large","max-video-preview":"max-video-preview:-1"},"canonical":"https:\/\/www.ecclinic.ie\/es\/politica-de-privacidad\/","og_locale":"es_ES","og_type":"article","og_title":"Privacy Policy","og_description":"Privacy Policy Last Updated On 08-Jan-2025Effective Date 16-Dec-2024 This Privacy Policy describes the policies of EC Clinic Limited, EC Clinic Limited, Unit E, Trinity Central 152-160 Pearse St, Dublin, Ireland, D02 Y8N7; email: info@ecclinic.ie, phone: 01 912 5590 on the collection, use and disclosure of your information that we collect when you use our website [&hellip;]","og_url":"https:\/\/www.ecclinic.ie\/es\/politica-de-privacidad\/","og_site_name":"EC Clinic","article_modified_time":"2026-01-08T13:13:33+00:00","twitter_card":"summary_large_image","twitter_misc":{"Tiempo de lectura":"5 minutos"},"schema":{"@context":"https:\/\/schema.org","@graph":[{"@type":"WebPage","@id":"https:\/\/www.ecclinic.ie\/privacy-policy\/","url":"https:\/\/www.ecclinic.ie\/privacy-policy\/","name":"Pol\u00edtica de privacidad - EC Clinic","isPartOf":{"@id":"https:\/\/www.ecclinic.ie\/pt\/#website"},"datePublished":"2024-11-18T20:32:39+00:00","dateModified":"2026-01-08T13:13:33+00:00","breadcrumb":{"@id":"https:\/\/www.ecclinic.ie\/privacy-policy\/#breadcrumb"},"inLanguage":"es","potentialAction":[{"@type":"ReadAction","target":["https:\/\/www.ecclinic.ie\/privacy-policy\/"]}]},{"@type":"BreadcrumbList","@id":"https:\/\/www.ecclinic.ie\/privacy-policy\/#breadcrumb","itemListElement":[{"@type":"ListItem","position":1,"name":"Home","item":"https:\/\/www.ecclinic.ie\/"},{"@type":"ListItem","position":2,"name":"Privacy Policy"}]},{"@type":"WebSite","@id":"https:\/\/www.ecclinic.ie\/pt\/#website","url":"https:\/\/www.ecclinic.ie\/pt\/","name":"EC Clinic","description":"Ginecolog\u00eda y Est\u00e9tica","publisher":{"@id":"https:\/\/www.ecclinic.ie\/pt\/#organization"},"potentialAction":[{"@type":"SearchAction","target":{"@type":"EntryPoint","urlTemplate":"https:\/\/www.ecclinic.ie\/pt\/?s={search_term_string}"},"query-input":{"@type":"PropertyValueSpecification","valueRequired":true,"valueName":"search_term_string"}}],"inLanguage":"es"},{"@type":"Organization","@id":"https:\/\/www.ecclinic.ie\/pt\/#organization","name":"EC Clinic","url":"https:\/\/www.ecclinic.ie\/pt\/","logo":{"@type":"ImageObject","inLanguage":"es","@id":"https:\/\/www.ecclinic.ie\/pt\/#\/schema\/logo\/image\/","url":"https:\/\/www.ecclinic.ie\/wp-content\/uploads\/2024\/11\/EC_Logo4_multi_colours_proof-01.png","contentUrl":"https:\/\/www.ecclinic.ie\/wp-content\/uploads\/2024\/11\/EC_Logo4_multi_colours_proof-01.png","width":1368,"height":1368,"caption":"EC Clinic"},"image":{"@id":"https:\/\/www.ecclinic.ie\/pt\/#\/schema\/logo\/image\/"},"sameAs":["https:\/\/www.instagram.com\/dreliana.gyne","https:\/\/www.instagram.com\/ec.clinicie"]}]}},"_links":{"self":[{"href":"https:\/\/www.ecclinic.ie\/es\/wp-json\/wp\/v2\/pages\/3","targetHints":{"allow":["GET"]}}],"collection":[{"href":"https:\/\/www.ecclinic.ie\/es\/wp-json\/wp\/v2\/pages"}],"about":[{"href":"https:\/\/www.ecclinic.ie\/es\/wp-json\/wp\/v2\/types\/page"}],"author":[{"embeddable":true,"href":"https:\/\/www.ecclinic.ie\/es\/wp-json\/wp\/v2\/users\/2"}],"replies":[{"embeddable":true,"href":"https:\/\/www.ecclinic.ie\/es\/wp-json\/wp\/v2\/comments?post=3"}],"version-history":[{"count":27,"href":"https:\/\/www.ecclinic.ie\/es\/wp-json\/wp\/v2\/pages\/3\/revisions"}],"predecessor-version":[{"id":4532,"href":"https:\/\/www.ecclinic.ie\/es\/wp-json\/wp\/v2\/pages\/3\/revisions\/4532"}],"wp:attachment":[{"href":"https:\/\/www.ecclinic.ie\/es\/wp-json\/wp\/v2\/media?parent=3"}],"curies":[{"name":"wp","href":"https:\/\/api.w.org\/{rel}","templated":true}]}}